{"id":960,"date":"2012-12-24T15:57:10","date_gmt":"2012-12-24T14:57:10","guid":{"rendered":"http:\/\/lag.bassinminier62.org\/site\/?page_id=960"},"modified":"2013-03-01T15:48:56","modified_gmt":"2013-03-01T14:48:56","slug":"le-prix-libre","status":"publish","type":"page","link":"https:\/\/www.lelag.fr\/site\/le-lag\/fonctionnement-charte-du-lag\/le-prix-libre\/","title":{"rendered":"Le prix libre"},"content":{"rendered":"<p>D&rsquo;une mani\u00e8re g\u00e9n\u00e9rale, la participation aux initiatives du LAG est propos\u00e9e \u00e0 prix libre.<br \/>\nLe prix libre est <strong>une d\u00e9marche politique, non marchande, en opposition au prix fixe, in\u00e9galitaire, qui impose le m\u00eame prix, que l\u2019on soit fortun\u00e9 ou pauvre<\/strong>.<\/p>\n<div id=\"attachment_1232\" style=\"width: 235px\" class=\"wp-caption aligncenter\"><a href=\"http:\/\/lag.bassinminier62.org\/site\/wp-content\/uploads\/2012\/12\/PrixLibre-001.jpg\"><img loading=\"lazy\" decoding=\"async\" aria-describedby=\"caption-attachment-1232\" class=\"size-medium wp-image-1232\" alt=\"Le Prix libre\" src=\"http:\/\/lag.bassinminier62.org\/site\/wp-content\/uploads\/2012\/12\/PrixLibre-001-225x300.jpg\" width=\"225\" height=\"300\" srcset=\"https:\/\/www.lelag.fr\/site\/wp-content\/uploads\/2012\/12\/PrixLibre-001-225x300.jpg 225w, https:\/\/www.lelag.fr\/site\/wp-content\/uploads\/2012\/12\/PrixLibre-001.jpg 640w\" sizes=\"auto, (max-width: 225px) 100vw, 225px\" \/><\/a><p id=\"caption-attachment-1232\" class=\"wp-caption-text\">Le Prix libre<\/p><\/div>\n<p>Le prix libre met en pratique ce que nous d\u00e9fendons : <strong>l\u2019\u00e9galit\u00e9, la solidarit\u00e9, la fraternit\u00e9.<\/strong><br \/>\nParce que l\u2019on paye un produit selon ses moyens, celui-ci devient accessible \u00e0 tout le monde, d\u00e9sargent\u00e9 ou plus fortun\u00e9 : <strong>c\u2019est l\u2019\u00e9galit\u00e9.<\/strong><br \/>\nCertains ne pourront rien donner, ou peu, mais d\u2019autres compenseront en donnant beaucoup plus : <strong>c\u2019est la solidarit\u00e9.<\/strong><br \/>\n<strong>Quant \u00e0 la fraternit\u00e9<\/strong>, celle-ci s\u2019installe spontan\u00e9ment d\u00e8s lors que le profit, la rentabilit\u00e9 et l\u2019in\u00e9galit\u00e9 ont cess\u00e9 d\u2019\u00eatre les moteurs des rapports humains.<\/p>\n<div id=\"attachment_1233\" style=\"width: 235px\" class=\"wp-caption aligncenter\"><a href=\"http:\/\/lag.bassinminier62.org\/site\/wp-content\/uploads\/2012\/12\/PrixLibre-002.jpg\"><img loading=\"lazy\" decoding=\"async\" aria-describedby=\"caption-attachment-1233\" class=\"size-medium wp-image-1233\" alt=\"Le prix libre\" src=\"http:\/\/lag.bassinminier62.org\/site\/wp-content\/uploads\/2012\/12\/PrixLibre-002-225x300.jpg\" width=\"225\" height=\"300\" srcset=\"https:\/\/www.lelag.fr\/site\/wp-content\/uploads\/2012\/12\/PrixLibre-002-225x300.jpg 225w, https:\/\/www.lelag.fr\/site\/wp-content\/uploads\/2012\/12\/PrixLibre-002.jpg 640w\" sizes=\"auto, (max-width: 225px) 100vw, 225px\" \/><\/a><p id=\"caption-attachment-1233\" class=\"wp-caption-text\">Le prix libre<\/p><\/div>\n<p><strong>Le prix libre n\u2019est pas pour autant la gratuit\u00e9<\/strong> : c\u2019est donner la possibilit\u00e9 d\u2019acqu\u00e9rir un m\u00eame produit selon ses moyens et ses motivations.<\/p>\n<p>Une fois les charges incompressibles rembours\u00e9es, l\u2019argent restant sera r\u00e9investi dans le fonctionnement du LAG, ou dans les frais li\u00e9s directement \u00e0 l&rsquo;initiative, et auxquels il est parfois difficile de faire face. par exemple, dans le cas des cin\u00e9-d\u00e9bats (Docu Femmes &#8211; Bobines Rebelles), il donnera lieu \u00e0 un partage entre les r\u00e9alisateurs-trices qui ont particip\u00e9 en permettant la projection de leur travail \u00e0 titre gracieux.<\/p>\n<p><strong>\u00c0 titre indicatif, nous affichons pendant chaque initiative la totalit\u00e9 de nos charges.<\/strong><\/p>\n<div id=\"attachment_1234\" style=\"width: 310px\" class=\"wp-caption aligncenter\"><a href=\"http:\/\/lag.bassinminier62.org\/site\/wp-content\/uploads\/2012\/12\/PrixLibre-003.jpg\"><img loading=\"lazy\" decoding=\"async\" aria-describedby=\"caption-attachment-1234\" class=\"size-medium wp-image-1234\" alt=\"Le prix libre\" src=\"http:\/\/lag.bassinminier62.org\/site\/wp-content\/uploads\/2012\/12\/PrixLibre-003-300x225.jpg\" width=\"300\" height=\"225\" srcset=\"https:\/\/www.lelag.fr\/site\/wp-content\/uploads\/2012\/12\/PrixLibre-003-300x225.jpg 300w, https:\/\/www.lelag.fr\/site\/wp-content\/uploads\/2012\/12\/PrixLibre-003.jpg 640w\" sizes=\"auto, (max-width: 300px) 100vw, 300px\" \/><\/a><p id=\"caption-attachment-1234\" class=\"wp-caption-text\">Le prix libre<\/p><\/div>\n","protected":false},"excerpt":{"rendered":"<p>D&rsquo;une mani\u00e8re g\u00e9n\u00e9rale, la participation aux initiatives du LAG est propos\u00e9e \u00e0 prix libre. Le prix libre est une d\u00e9marche politique, non marchande, en opposition au prix fixe, in\u00e9galitaire, qui impose le m\u00eame prix, que l\u2019on soit fortun\u00e9 ou pauvre. &hellip; <a href=\"https:\/\/www.lelag.fr\/site\/le-lag\/fonctionnement-charte-du-lag\/le-prix-libre\/\">Continuer la lecture <span class=\"meta-nav\">&rarr;<\/span><\/a><\/p>\n","protected":false},"author":1,"featured_media":0,"parent":560,"menu_order":10,"comment_status":"closed","ping_status":"closed","template":"","meta":{"footnotes":""},"class_list":["post-960","page","type-page","status-publish","hentry"],"_links":{"self":[{"href":"https:\/\/www.lelag.fr\/site\/wp-json\/wp\/v2\/pages\/960","targetHints":{"allow":["GET"]}}],"collection":[{"href":"https:\/\/www.lelag.fr\/site\/wp-json\/wp\/v2\/pages"}],"about":[{"href":"https:\/\/www.lelag.fr\/site\/wp-json\/wp\/v2\/types\/page"}],"author":[{"embeddable":true,"href":"https:\/\/www.lelag.fr\/site\/wp-json\/wp\/v2\/users\/1"}],"replies":[{"embeddable":true,"href":"https:\/\/www.lelag.fr\/site\/wp-json\/wp\/v2\/comments?post=960"}],"version-history":[{"count":3,"href":"https:\/\/www.lelag.fr\/site\/wp-json\/wp\/v2\/pages\/960\/revisions"}],"predecessor-version":[{"id":962,"href":"https:\/\/www.lelag.fr\/site\/wp-json\/wp\/v2\/pages\/960\/revisions\/962"}],"up":[{"embeddable":true,"href":"https:\/\/www.lelag.fr\/site\/wp-json\/wp\/v2\/pages\/560"}],"wp:attachment":[{"href":"https:\/\/www.lelag.fr\/site\/wp-json\/wp\/v2\/media?parent=960"}],"curies":[{"name":"wp","href":"https:\/\/api.w.org\/{rel}","templated":true}]}}