{"id":80,"date":"2012-07-20T00:00:59","date_gmt":"2012-07-19T23:00:59","guid":{"rendered":"http:\/\/lag.bassinminier62.org\/site\/?page_id=80"},"modified":"2012-12-24T16:02:38","modified_gmt":"2012-12-24T15:02:38","slug":"ete-2012","status":"publish","type":"page","link":"https:\/\/www.lelag.fr\/site\/le-lag\/les-archives-du-lag\/ete-2012\/","title":{"rendered":"Le LAG : \u00e9t\u00e9 2012"},"content":{"rendered":"<p>Quelques instantan\u00e9s des premi\u00e8res semaines d&rsquo;occupation du LAG. Comme vous pouvez voir, on ne s&rsquo;est pas ennuy\u00e9.<\/p>\n<h2>14 juillet 2012 : on investit le LAG<\/h2>\n<p>H\u00e9 oui : nous sommes de bien mauvais patriotes \ud83d\ude09 La parade champs-\u00e9lys\u00e9enne ne nous a pas vraiment s\u00e9duit-es. Le bruit des bottes et le clairon qui sonne de l&rsquo;ami Brassens, \u00e7a n&rsquo;est pas vraiment pour nous&#8230;<\/p>\n<p>On a donc profit\u00e9 de ce 14 juillet pour nous retrouver sur place. C&rsquo;\u00e9tait chouette. On a bien discut\u00e9, de l&rsquo;autogestion et des 1000 projets qui nous attendent. On a \u00e9galement bien mang\u00e9. Et puis, on avait eu l&rsquo;occasion de parler du LAG \u00e0 une copine, animatrice de<a title=\"Radio Libertaire\" href=\"http:\/\/rl.federation-anarchiste.org\/\"> Radio Libertaire<\/a>&#8230; et elle s&rsquo;est d\u00e9plac\u00e9e, pour un chouette enregistrement, sur place. On attend avec impatience que \u00e7a passe \u00e0 la radio \ud83d\ude09<\/p>\n<div id=\"attachment_44\" style=\"width: 310px\" class=\"wp-caption aligncenter\"><a href=\"http:\/\/lag.bassinminier62.org\/site\/wp-content\/uploads\/2012\/07\/EntreeDansLeLAG-Ete2012.jpg\"><img loading=\"lazy\" decoding=\"async\" aria-describedby=\"caption-attachment-44\" class=\"size-medium wp-image-44\" title=\"EntreeDansLeLAG-Ete2012\" alt=\"\u00c9t\u00e9 2012 : nous entrons dans le LAG\" src=\"http:\/\/lag.bassinminier62.org\/site\/wp-content\/uploads\/2012\/07\/EntreeDansLeLAG-Ete2012-300x225.jpg\" width=\"300\" height=\"225\" srcset=\"https:\/\/www.lelag.fr\/site\/wp-content\/uploads\/2012\/07\/EntreeDansLeLAG-Ete2012-300x225.jpg 300w, https:\/\/www.lelag.fr\/site\/wp-content\/uploads\/2012\/07\/EntreeDansLeLAG-Ete2012.jpg 640w\" sizes=\"auto, (max-width: 300px) 100vw, 300px\" \/><\/a><p id=\"caption-attachment-44\" class=\"wp-caption-text\">\u00c9t\u00e9 2012 : nous entrons dans le LAG<\/p><\/div>\n<p>&nbsp;<\/p>\n<h2>Semaine du 16 au 22 juillet 2012<\/h2>\n<p>Sur ce coup l\u00e0, c&rsquo;est clair qu&rsquo;on ne s&rsquo;est pas ennuy\u00e9 : abattage et remontage de cloison, d\u00e9barrassage de gravats, et deux r\u00e9unions th\u00e9matiques :<\/p>\n<ul>\n<li>Atelier \u00ab\u00a0Am\u00e9nagement du LAG\u00a0\u00bb<\/li>\n<li>Atelier \u00ab\u00a0Inauguration du LAG\u00a0\u00bb<\/li>\n<\/ul>\n<p>On regarde tout \u00e7a en photos.<\/p>\n<p>&nbsp;<\/p>\n<div id=\"attachment_88\" style=\"width: 310px\" class=\"wp-caption alignleft\"><a href=\"http:\/\/lag.bassinminier62.org\/site\/wp-content\/uploads\/2012\/07\/20120718-ApresLePassageDeBenoitEtEric-003.jpg\"><img loading=\"lazy\" decoding=\"async\" aria-describedby=\"caption-attachment-88\" class=\"size-medium wp-image-88\" title=\"20120718-ApresLePassageDeBenoitEtEric-003\" alt=\"Apr\u00e8s le passage de Beno\u00eet et \u00c9ric\" src=\"http:\/\/lag.bassinminier62.org\/site\/wp-content\/uploads\/2012\/07\/20120718-ApresLePassageDeBenoitEtEric-003-300x225.jpg\" width=\"300\" height=\"225\" \/><\/a><p id=\"caption-attachment-88\" class=\"wp-caption-text\">Apr\u00e8s le passage de Beno\u00eet et \u00c9ric<\/p><\/div>\n<div id=\"attachment_89\" style=\"width: 310px\" class=\"wp-caption alignright\"><a href=\"http:\/\/lag.bassinminier62.org\/site\/wp-content\/uploads\/2012\/07\/20120718-ApresLePassageDeBenoitEtEric-008.jpg\"><img loading=\"lazy\" decoding=\"async\" aria-describedby=\"caption-attachment-89\" class=\"size-medium wp-image-89\" title=\"20120718-ApresLePassageDeBenoitEtEric-008\" alt=\"Ce fut une cloison...\" src=\"http:\/\/lag.bassinminier62.org\/site\/wp-content\/uploads\/2012\/07\/20120718-ApresLePassageDeBenoitEtEric-008-300x225.jpg\" width=\"300\" height=\"225\" srcset=\"https:\/\/www.lelag.fr\/site\/wp-content\/uploads\/2012\/07\/20120718-ApresLePassageDeBenoitEtEric-008-300x225.jpg 300w, https:\/\/www.lelag.fr\/site\/wp-content\/uploads\/2012\/07\/20120718-ApresLePassageDeBenoitEtEric-008.jpg 640w\" sizes=\"auto, (max-width: 300px) 100vw, 300px\" \/><\/a><p id=\"caption-attachment-89\" class=\"wp-caption-text\">Ce fut une cloison&#8230;<\/p><\/div>\n<div id=\"attachment_90\" style=\"width: 310px\" class=\"wp-caption alignleft\"><a href=\"http:\/\/lag.bassinminier62.org\/site\/wp-content\/uploads\/2012\/07\/20120719-MontageCloison-001.jpg\"><img loading=\"lazy\" decoding=\"async\" aria-describedby=\"caption-attachment-90\" class=\"size-medium wp-image-90\" title=\"20120719-MontageCloison-001\" alt=\"Remontage de Cloison : c'est parti !\" src=\"http:\/\/lag.bassinminier62.org\/site\/wp-content\/uploads\/2012\/07\/20120719-MontageCloison-001-300x225.jpg\" width=\"300\" height=\"225\" srcset=\"https:\/\/www.lelag.fr\/site\/wp-content\/uploads\/2012\/07\/20120719-MontageCloison-001-300x225.jpg 300w, https:\/\/www.lelag.fr\/site\/wp-content\/uploads\/2012\/07\/20120719-MontageCloison-001.jpg 640w\" sizes=\"auto, (max-width: 300px) 100vw, 300px\" \/><\/a><p id=\"caption-attachment-90\" class=\"wp-caption-text\">Remontage de cloison : c&rsquo;est parti<\/p><\/div>\n<div id=\"attachment_91\" style=\"width: 310px\" class=\"wp-caption alignright\"><a href=\"http:\/\/lag.bassinminier62.org\/site\/wp-content\/uploads\/2012\/07\/20120719-MontageCloison-002.jpg\"><img loading=\"lazy\" decoding=\"async\" aria-describedby=\"caption-attachment-91\" class=\"size-medium wp-image-91\" title=\"20120719-MontageCloison-002\" alt=\"La pi\u00e8ce prend forme...\" src=\"http:\/\/lag.bassinminier62.org\/site\/wp-content\/uploads\/2012\/07\/20120719-MontageCloison-002-300x225.jpg\" width=\"300\" height=\"225\" srcset=\"https:\/\/www.lelag.fr\/site\/wp-content\/uploads\/2012\/07\/20120719-MontageCloison-002-300x225.jpg 300w, https:\/\/www.lelag.fr\/site\/wp-content\/uploads\/2012\/07\/20120719-MontageCloison-002.jpg 640w\" sizes=\"auto, (max-width: 300px) 100vw, 300px\" \/><\/a><p id=\"caption-attachment-91\" class=\"wp-caption-text\">La pi\u00e8ce prend forme&#8230;<\/p><\/div>\n<p>&nbsp;<\/p>\n<div id=\"attachment_92\" style=\"width: 310px\" class=\"wp-caption alignleft\"><a href=\"http:\/\/lag.bassinminier62.org\/site\/wp-content\/uploads\/2012\/07\/20120719-MontageCloison-003.jpg\"><img loading=\"lazy\" decoding=\"async\" aria-describedby=\"caption-attachment-92\" class=\"size-medium wp-image-92\" title=\"20120719-MontageCloison-003\" alt=\"Tout est dans les finitions\" src=\"http:\/\/lag.bassinminier62.org\/site\/wp-content\/uploads\/2012\/07\/20120719-MontageCloison-003-300x225.jpg\" width=\"300\" height=\"225\" srcset=\"https:\/\/www.lelag.fr\/site\/wp-content\/uploads\/2012\/07\/20120719-MontageCloison-003-300x225.jpg 300w, https:\/\/www.lelag.fr\/site\/wp-content\/uploads\/2012\/07\/20120719-MontageCloison-003.jpg 640w\" sizes=\"auto, (max-width: 300px) 100vw, 300px\" \/><\/a><p id=\"caption-attachment-92\" class=\"wp-caption-text\">Tout est dans les finitions<\/p><\/div>\n<div id=\"attachment_94\" style=\"width: 310px\" class=\"wp-caption alignright\"><a href=\"http:\/\/lag.bassinminier62.org\/site\/wp-content\/uploads\/2012\/07\/20120720-AmenagementSalleReunionsAteliers.jpg\"><img loading=\"lazy\" decoding=\"async\" aria-describedby=\"caption-attachment-94\" class=\"size-medium wp-image-94\" title=\"20120720-AmenagementSalleReunionsAteliers\" alt=\"Am\u00e9nagement de la salle pour les r\u00e9unions des ateliers\" src=\"http:\/\/lag.bassinminier62.org\/site\/wp-content\/uploads\/2012\/07\/20120720-AmenagementSalleReunionsAteliers-300x225.jpg\" width=\"300\" height=\"225\" srcset=\"https:\/\/www.lelag.fr\/site\/wp-content\/uploads\/2012\/07\/20120720-AmenagementSalleReunionsAteliers-300x225.jpg 300w, https:\/\/www.lelag.fr\/site\/wp-content\/uploads\/2012\/07\/20120720-AmenagementSalleReunionsAteliers.jpg 640w\" sizes=\"auto, (max-width: 300px) 100vw, 300px\" \/><\/a><p id=\"caption-attachment-94\" class=\"wp-caption-text\">Tout est pr\u00eat pour accueillir les r\u00e9unions des deux ateliers du jour : \u00ab\u00a0Am\u00e9nagement du LAG\u00a0\u00bb et \u00ab\u00a0Inauguration du LAG\u00a0\u00bb<\/p><\/div>\n<p>&nbsp;<\/p>\n<h2><\/h2>\n<h2><\/h2>\n<h2><\/h2>\n<h2><\/h2>\n<h2><\/h2>\n<h2><\/h2>\n<h2><\/h2>\n<h2><\/h2>\n<h2><\/h2>\n<h2><\/h2>\n<h2><\/h2>\n<h2><\/h2>\n<h2><\/h2>\n<h2><\/h2>\n<h2><\/h2>\n<h2><\/h2>\n<h2><\/h2>\n<h2><\/h2>\n<h2><\/h2>\n<h2><\/h2>\n<h2><\/h2>\n<h2><\/h2>\n<h2><\/h2>\n<h2><\/h2>\n<h2><\/h2>\n<h2><\/h2>\n<h2>Semaine du 23 au 29 juillet 2012<\/h2>\n<p>&nbsp;<\/p>\n<p><a href=\"http:\/\/lag.bassinminier62.org\/site\/wp-content\/uploads\/2012\/07\/20120724-TravauxLAG-001.jpg\"><img loading=\"lazy\" decoding=\"async\" class=\"aligncenter size-medium wp-image-235\" title=\"20120724-TravauxLAG-001\" alt=\"Travaux au LAG - juillet 2012\" src=\"http:\/\/lag.bassinminier62.org\/site\/wp-content\/uploads\/2012\/07\/20120724-TravauxLAG-001-300x225.jpg\" width=\"300\" height=\"225\" srcset=\"https:\/\/www.lelag.fr\/site\/wp-content\/uploads\/2012\/07\/20120724-TravauxLAG-001-300x225.jpg 300w, https:\/\/www.lelag.fr\/site\/wp-content\/uploads\/2012\/07\/20120724-TravauxLAG-001.jpg 640w\" sizes=\"auto, (max-width: 300px) 100vw, 300px\" \/><\/a><\/p>\n<p><a href=\"http:\/\/lag.bassinminier62.org\/site\/wp-content\/uploads\/2012\/07\/20120725-TravauxLAG-001.jpg\"><img loading=\"lazy\" decoding=\"async\" class=\"alignnone size-medium wp-image-236\" title=\"20120725-TravauxLAG-001\" alt=\"Travaux au LAG - juillet 2012\" src=\"http:\/\/lag.bassinminier62.org\/site\/wp-content\/uploads\/2012\/07\/20120725-TravauxLAG-001-225x300.jpg\" width=\"225\" height=\"300\" srcset=\"https:\/\/www.lelag.fr\/site\/wp-content\/uploads\/2012\/07\/20120725-TravauxLAG-001-225x300.jpg 225w, https:\/\/www.lelag.fr\/site\/wp-content\/uploads\/2012\/07\/20120725-TravauxLAG-001.jpg 480w\" sizes=\"auto, (max-width: 225px) 100vw, 225px\" \/><\/a> <a href=\"http:\/\/lag.bassinminier62.org\/site\/wp-content\/uploads\/2012\/07\/20120725-TravauxLAG-002.jpg\"><img loading=\"lazy\" decoding=\"async\" class=\"alignnone size-medium wp-image-237\" title=\"20120725-TravauxLAG-002\" alt=\"Travaux au LAG - juillet 2012\" src=\"http:\/\/lag.bassinminier62.org\/site\/wp-content\/uploads\/2012\/07\/20120725-TravauxLAG-002-300x225.jpg\" width=\"300\" height=\"225\" srcset=\"https:\/\/www.lelag.fr\/site\/wp-content\/uploads\/2012\/07\/20120725-TravauxLAG-002-300x225.jpg 300w, https:\/\/www.lelag.fr\/site\/wp-content\/uploads\/2012\/07\/20120725-TravauxLAG-002.jpg 640w\" sizes=\"auto, (max-width: 300px) 100vw, 300px\" \/><\/a><\/p>\n","protected":false},"excerpt":{"rendered":"<p>Quelques instantan\u00e9s des premi\u00e8res semaines d&rsquo;occupation du LAG. Comme vous pouvez voir, on ne s&rsquo;est pas ennuy\u00e9. 14 juillet 2012 : on investit le LAG H\u00e9 oui : nous sommes de bien mauvais patriotes \ud83d\ude09 La parade champs-\u00e9lys\u00e9enne ne nous &hellip; <a href=\"https:\/\/www.lelag.fr\/site\/le-lag\/les-archives-du-lag\/ete-2012\/\">Continuer la lecture <span class=\"meta-nav\">&rarr;<\/span><\/a><\/p>\n","protected":false},"author":1,"featured_media":0,"parent":966,"menu_order":80,"comment_status":"closed","ping_status":"open","template":"","meta":{"footnotes":""},"class_list":["post-80","page","type-page","status-publish","hentry"],"_links":{"self":[{"href":"https:\/\/www.lelag.fr\/site\/wp-json\/wp\/v2\/pages\/80","targetHints":{"allow":["GET"]}}],"collection":[{"href":"https:\/\/www.lelag.fr\/site\/wp-json\/wp\/v2\/pages"}],"about":[{"href":"https:\/\/www.lelag.fr\/site\/wp-json\/wp\/v2\/types\/page"}],"author":[{"embeddable":true,"href":"https:\/\/www.lelag.fr\/site\/wp-json\/wp\/v2\/users\/1"}],"replies":[{"embeddable":true,"href":"https:\/\/www.lelag.fr\/site\/wp-json\/wp\/v2\/comments?post=80"}],"version-history":[{"count":31,"href":"https:\/\/www.lelag.fr\/site\/wp-json\/wp\/v2\/pages\/80\/revisions"}],"predecessor-version":[{"id":97,"href":"https:\/\/www.lelag.fr\/site\/wp-json\/wp\/v2\/pages\/80\/revisions\/97"}],"up":[{"embeddable":true,"href":"https:\/\/www.lelag.fr\/site\/wp-json\/wp\/v2\/pages\/966"}],"wp:attachment":[{"href":"https:\/\/www.lelag.fr\/site\/wp-json\/wp\/v2\/media?parent=80"}],"curies":[{"name":"wp","href":"https:\/\/api.w.org\/{rel}","templated":true}]}}