{"id":6628,"date":"2023-02-22T11:09:48","date_gmt":"2023-02-22T10:09:48","guid":{"rendered":"https:\/\/www.lelag.fr\/site\/?page_id=6628"},"modified":"2023-02-22T11:09:48","modified_gmt":"2023-02-22T10:09:48","slug":"bobines-rebelles-2023","status":"publish","type":"page","link":"https:\/\/www.lelag.fr\/site\/cinema\/bobines-rebelles\/bobines-rebelles-2023\/","title":{"rendered":"Bobines rebelles 2023"},"content":{"rendered":"<p><strong>Vendredi 24 mars \u00e0 20h30<\/strong> : <strong><em>Ladie Burger<\/em><\/strong> de Amandine Vidal, en la pr\u00e9sence de la r\u00e9alisatrice, projection suivie d&rsquo;un \u00e9change.<\/p>\n<p>M\u00e9lanie, alias <i>Ladie Burger<\/i> sur les r\u00e9seaux sociaux, est devenue gilet jaune d\u00e8s le mois de d\u00e9cembre 2018. Comme beaucoup, elle h\u00e9sitait \u00e0 y aller, ayant peur d\u2019une majorit\u00e9 d\u2019identitaires dans leurs rangs.<\/p>\n<p>Elle qui n\u2019avait jamais milit\u00e9 avant et qui ne sortait presque plus, est aujourd\u2019hui engag\u00e9e corps et \u00e2me dans ce mouvement et les raisons de son soul\u00e8vement sont multiples.<\/p>\n<p>M\u00e9lanie se transforme au contact de cette lutte, elle se r\u00e9v\u00e8le. Mais le combat est dur et elle doit faire face \u00e0 de nombreux obstacles.<\/p>\n<hr \/>\n<p><strong>Samedi 25 mars \u00e0 10h30 : <em>Les arbres meurent debout<\/em><\/strong>, de Ronan Kerneur et Fanny Fulchiron, en pr\u00e9sence du r\u00e9alisateur, projection suivie d&rsquo;un \u00e9change.<\/p>\n<p>Au Mexique, la petite ville de Cher\u00e1n est menac\u00e9e par des trafiquants de bois qui pillent ses for\u00eats et terrorisent ses habitants. Des villageois disparaissent, des arbres sacr\u00e9s sont abattus, l&rsquo;\u00c9tat reste silencieux. Cher\u00e1n, men\u00e9e par un petit groupe de femmes, d\u00e9cide de se rebeller. Ce combat la m\u00e8ne sur le chemin de ses traditions ancestrales pur\u00e9pechas.<\/p>\n<hr \/>\n<p><strong>Samedi 25 mars \u00e0 14h : <em>Les mots de la fin<\/em><\/strong>, de Ga\u00eblle Hardy et Agn\u00e8s Lejeune, en pr\u00e9sence de la r\u00e9alisatrice, projection suivie d&rsquo;un \u00e9change.<\/p>\n<p>On accompagne un m\u00e9decin qui est responsable d&rsquo;un service qui accompagne \u00e0 la fin de vie par l&rsquo;euthanasie, on y parle de validisme, de la perception de la mort, de la place de la famille, du syst\u00e8me de sant\u00e9, des fran\u00e7ais qui se pr\u00e9sentent en Belgique pour mourir, de la mort, qu&rsquo;on ose consid\u00e9rer ici comme un sujet politique. La cam\u00e9ra est toujours pudique, sans nous \u00e9pargner.<\/p>\n<hr \/>\n<p><strong>Samedi 25 mars \u00e0 17h : <em>La bataille de l&rsquo;eau noire<\/em><\/strong>, de Benjamin Hennot, en pr\u00e9sence du r\u00e9alisateur, projection suivie d&rsquo;un \u00e9change.<\/p>\n<p>Belgique, 1978. Le Ministre des Travaux publics projette un immense barrage dans la vall\u00e9e de l&rsquo;Eau Noire, en amont de la petite ville de Couvin. Mais les habitants se transforment en de fiers Irr\u00e9ductibles et livrent une flamboyante gu\u00e9rilla&#8230; Un film choral qui communique la joie et la force d&rsquo;un mouvement populaire en tous points exemplaire.<\/p>\n<hr \/>\n<p><strong>Samedi 25 mars \u00e0 19h30<\/strong> : ap\u00e9ro dinatoire Babinettes Rebelles<\/p>\n<p>Festival \u00e0 prix libre. R\u00e9servation conseill\u00e9e \u00e0 contact@lelag.fr<\/p>\n<p><a href=\"https:\/\/www.lelag.fr\/site\/wp-content\/uploads\/2023\/02\/Bobines-Rebelles-depliant-2023-OK.pdf\">Pour avoir le d\u00e9pliant du programme des Bobines Rebelles 2023, cliquez ici <\/a><\/p>\n","protected":false},"excerpt":{"rendered":"<p>Vendredi 24 mars \u00e0 20h30 : Ladie Burger de Amandine Vidal, en la pr\u00e9sence de la r\u00e9alisatrice, projection suivie d&rsquo;un \u00e9change. M\u00e9lanie, alias Ladie Burger sur les r\u00e9seaux sociaux, est devenue gilet jaune d\u00e8s le mois de d\u00e9cembre 2018. Comme &hellip; <a href=\"https:\/\/www.lelag.fr\/site\/cinema\/bobines-rebelles\/bobines-rebelles-2023\/\">Continuer la lecture <span class=\"meta-nav\">&rarr;<\/span><\/a><\/p>\n","protected":false},"author":1,"featured_media":0,"parent":925,"menu_order":55,"comment_status":"closed","ping_status":"closed","template":"","meta":{"footnotes":""},"class_list":["post-6628","page","type-page","status-publish","hentry"],"_links":{"self":[{"href":"https:\/\/www.lelag.fr\/site\/wp-json\/wp\/v2\/pages\/6628","targetHints":{"allow":["GET"]}}],"collection":[{"href":"https:\/\/www.lelag.fr\/site\/wp-json\/wp\/v2\/pages"}],"about":[{"href":"https:\/\/www.lelag.fr\/site\/wp-json\/wp\/v2\/types\/page"}],"author":[{"embeddable":true,"href":"https:\/\/www.lelag.fr\/site\/wp-json\/wp\/v2\/users\/1"}],"replies":[{"embeddable":true,"href":"https:\/\/www.lelag.fr\/site\/wp-json\/wp\/v2\/comments?post=6628"}],"version-history":[{"count":1,"href":"https:\/\/www.lelag.fr\/site\/wp-json\/wp\/v2\/pages\/6628\/revisions"}],"predecessor-version":[{"id":6629,"href":"https:\/\/www.lelag.fr\/site\/wp-json\/wp\/v2\/pages\/6628\/revisions\/6629"}],"up":[{"embeddable":true,"href":"https:\/\/www.lelag.fr\/site\/wp-json\/wp\/v2\/pages\/925"}],"wp:attachment":[{"href":"https:\/\/www.lelag.fr\/site\/wp-json\/wp\/v2\/media?parent=6628"}],"curies":[{"name":"wp","href":"https:\/\/api.w.org\/{rel}","templated":true}]}}