{"id":5485,"date":"2020-03-10T10:23:42","date_gmt":"2020-03-10T09:23:42","guid":{"rendered":"http:\/\/www.lelag.fr\/site\/?page_id=5485"},"modified":"2023-02-22T11:05:32","modified_gmt":"2023-02-22T10:05:32","slug":"bobines-rebelles-2020","status":"publish","type":"page","link":"https:\/\/www.lelag.fr\/site\/cinema\/bobines-rebelles\/bobines-rebelles-2020\/","title":{"rendered":"Bobines rebelles 2020"},"content":{"rendered":"<h1 class=\"entry-title\">Bobines Rebelles 2020<\/h1>\n<div class=\"entry-content\">\n<p>8\u00e8me \u00e9dition du festival documentaire, d\u2019auteur, social et politique, en pr\u00e9sence des r\u00e9alisatrices et r\u00e9alisateurs.<\/p>\n<p>Elle se d\u00e9roulera <strong>durant la soir\u00e9e du vendredi 3, et l\u2019ensemble de la journ\u00e9e du samedi 4 avril 2020.<\/strong><\/p>\n<ul>\n<li>En t\u00e9l\u00e9chargement : <a href=\"http:\/\/www.lelag.fr\/site\/wp-content\/uploads\/2020\/03\/Bobines-Rebelles-d\u00e9pliant-2020-OK.pdf\">Le programme du festival Bobines Rebelles 2020<\/a><\/li>\n<\/ul>\n<p>Cliquez sur le lien ci-dessus pour visualiser le programme, ou faites un clic droit puis \u00ab\u00a0enregistrer la cible du lien sous\u2026\u00a0\u00bb<\/p>\n<h1><span id=\"Babines_rebelles\">Babines rebelles<\/span><\/h1>\n<p>La soir\u00e9e se poursuit ensuite autour du d\u00e9sormais fameux repas <strong>Babines rebelles<\/strong>, \u00e0 20h00, avec l\u2019ensemble des r\u00e9alisateurs \u2013 r\u00e9alisatrices. <a href=\"http:\/\/www.lelag.fr\/site\/babines-rebelles\/\">Il est indispensable de s\u2019inscrire.<\/a><\/p>\n<h1><span id=\"Prix_libre\">Prix libre<\/span><\/h1>\n<p>Comme chaque ann\u00e9e, la participation au week-end est \u00e0 prix libre : les entr\u00e9es ainsi que le repas du samedi soir, Babines rebelles. Une seule exception : les boissons du bar. Et les sandwiches du samedi midi qui sont \u00e0 prix co\u00fbtant.<\/p>\n<p><a href=\"http:\/\/www.lelag.fr\/site\/le-lag\/fonctionnement-charte-du-lag\/le-prix-libre\/\">Au LAG, le prix libre est une r\u00e9elle d\u00e9marche politique\u2026<\/a><\/p>\n<h1><span id=\"Covoiturage\">Covoiturage<\/span><\/h1>\n<p>C\u2019est une bonne solution, pour profiter pleinement de Bobines rebelles, et faire de chouettes rencontres :<\/p>\n<ul>\n<li><a title=\"Les propositions de covoiturage pour les prochaines initiatives pr\u00e9vues au LAG\" href=\"http:\/\/www.lelag.fr\/site\/proposition-covoiturage-pour-les-prochaines-initiatives-prevues-au-lag\/\">Vous proposez des places en covoiturage : c\u2019est ici.<\/a><\/li>\n<li><a title=\"Les offres de covoiturage pour les initiatives pr\u00e9vues au LAG\" href=\"http:\/\/www.lelag.fr\/site\/les-offres-de-covoiturage-pour-les-initiatives-prevues-au-lag\/\"> Vous cherchez des places en covoiturage : c\u2019est ici.<\/a><\/li>\n<\/ul>\n<\/div>\n","protected":false},"excerpt":{"rendered":"<p>Bobines Rebelles 2020 8\u00e8me \u00e9dition du festival documentaire, d\u2019auteur, social et politique, en pr\u00e9sence des r\u00e9alisatrices et r\u00e9alisateurs. Elle se d\u00e9roulera durant la soir\u00e9e du vendredi 3, et l\u2019ensemble de la journ\u00e9e du samedi 4 avril 2020. En t\u00e9l\u00e9chargement : &hellip; <a href=\"https:\/\/www.lelag.fr\/site\/cinema\/bobines-rebelles\/bobines-rebelles-2020\/\">Continuer la lecture <span class=\"meta-nav\">&rarr;<\/span><\/a><\/p>\n","protected":false},"author":2,"featured_media":0,"parent":925,"menu_order":61,"comment_status":"closed","ping_status":"closed","template":"","meta":{"footnotes":""},"class_list":["post-5485","page","type-page","status-publish","hentry"],"_links":{"self":[{"href":"https:\/\/www.lelag.fr\/site\/wp-json\/wp\/v2\/pages\/5485","targetHints":{"allow":["GET"]}}],"collection":[{"href":"https:\/\/www.lelag.fr\/site\/wp-json\/wp\/v2\/pages"}],"about":[{"href":"https:\/\/www.lelag.fr\/site\/wp-json\/wp\/v2\/types\/page"}],"author":[{"embeddable":true,"href":"https:\/\/www.lelag.fr\/site\/wp-json\/wp\/v2\/users\/2"}],"replies":[{"embeddable":true,"href":"https:\/\/www.lelag.fr\/site\/wp-json\/wp\/v2\/comments?post=5485"}],"version-history":[{"count":4,"href":"https:\/\/www.lelag.fr\/site\/wp-json\/wp\/v2\/pages\/5485\/revisions"}],"predecessor-version":[{"id":6623,"href":"https:\/\/www.lelag.fr\/site\/wp-json\/wp\/v2\/pages\/5485\/revisions\/6623"}],"up":[{"embeddable":true,"href":"https:\/\/www.lelag.fr\/site\/wp-json\/wp\/v2\/pages\/925"}],"wp:attachment":[{"href":"https:\/\/www.lelag.fr\/site\/wp-json\/wp\/v2\/media?parent=5485"}],"curies":[{"name":"wp","href":"https:\/\/api.w.org\/{rel}","templated":true}]}}