{"id":5036,"date":"2019-03-03T13:07:49","date_gmt":"2019-03-03T12:07:49","guid":{"rendered":"http:\/\/www.lelag.fr\/site\/?page_id=5036"},"modified":"2023-02-22T11:05:08","modified_gmt":"2023-02-22T10:05:08","slug":"bobines-rebelles-2019","status":"publish","type":"page","link":"https:\/\/www.lelag.fr\/site\/cinema\/bobines-rebelles\/bobines-rebelles-2019\/","title":{"rendered":"Bobines rebelles 2019"},"content":{"rendered":"<p>7\u00e8me \u00e9dition du festival documentaire, d&rsquo;auteur, social et politique, en pr\u00e9sence des r\u00e9alisatrices et r\u00e9alisateurs.<\/p>\n<p>Elle se d\u00e9roulera <strong>durant la soir\u00e9e du vendredi 5, et l&rsquo;ensemble de la journ\u00e9e du 6 avril 2019.<\/strong><\/p>\n<ul>\n<li>En t\u00e9l\u00e9chargement : <a href=\"http:\/\/www.lelag.fr\/site\/wp-content\/uploads\/2019\/03\/20190405et06-BobinesRebelles2019.pdf\">Le programme du festival Bobines rebelles 2019<\/a><\/li>\n<\/ul>\n<p>Cliquez sur le lien ci-dessus pour visualiser le programme, ou faites un clic droit puis \u00ab\u00a0enregistrer la cible du lien sous&#8230;\u00a0\u00bb<\/p>\n<h1>En attendant Bobines rebelles 2019<\/h1>\n<p>Nos ami-es de la radio associative Micros-rebelles ont r\u00e9alis\u00e9 des interviews des r\u00e9alisateurs et r\u00e9alisatrices dont les films sont projet\u00e9s, en leur pr\u00e9sence, lors de ce Bobines rebelles 2019. On peut notamment \u00e9couter :<\/p>\n<ul>\n<li><a href=\"https:\/\/www.micros-rebelles.fr\/site\/bobines-rebelles-les-deux-visages-dune-femme-bamileke-de-rosine-mbakam\/\">Rosine Mbakam, r\u00e9alisatrice\u00a0 de <em>Les deux visages d\u2019une femme Bamil\u00e9k\u00e9<\/em> projet\u00e9 le vendredi 5 avril \u00e0 20h30<\/a><\/li>\n<li><a href=\"https:\/\/www.micros-rebelles.fr\/site\/bobines-rebelles-derniere-peche-de-baptiste-janon\/\">Baptiste Janon, r\u00e9alisateur de <em>Derni\u00e8re p\u00eache<\/em> projet\u00e9 le samedi 6 avril \u00e0 14h<\/a><\/li>\n<li><a href=\"https:\/\/www.micros-rebelles.fr\/site\/bobines-rebelles-saule-marceau-de-juliette-achard\/\">Juliette Achard, r\u00e9alisatrice de <em>Saule Marceau<\/em> projet\u00e9 le samedi 6 avril \u00e0 16h<\/a><\/li>\n<li><a href=\"https:\/\/www.micros-rebelles.fr\/site\/bobines-rebelles-entree-du-personnel-de-manuela-fresil\/\">Manuela Fr\u00e9sil, r\u00e9alisatrice de <em>Entr\u00e9e du personnel<\/em> projet\u00e9 le samedi 6 avril \u00e0 17h30<\/a><\/li>\n<\/ul>\n<h1>Babines rebelles<\/h1>\n<p>La soir\u00e9e se poursuit ensuite autour du d\u00e9sormais fameux repas <strong>Babines rebelles<\/strong>, \u00e0 20h00, avec l\u2019ensemble des r\u00e9alisateurs \u2013 r\u00e9alisatrices. <a href=\"http:\/\/www.lelag.fr\/site\/babines-rebelles\/\">Il est indispensable de s&rsquo;inscrire.<\/a><\/p>\n<h1>Prix libre<\/h1>\n<p>Comme chaque ann\u00e9e, la participation au week-end est \u00e0 prix libre : les entr\u00e9es ainsi que le repas du samedi soir, Babines rebelles. Une seule exception : les boissons du bar. Et les sandwiches du samedi midi qui sont \u00e0 prix co\u00fbtant.<\/p>\n<p><a href=\"http:\/\/www.lelag.fr\/site\/le-lag\/fonctionnement-charte-du-lag\/le-prix-libre\/\">Au LAG, le prix libre est une r\u00e9elle d\u00e9marche politique&#8230;<\/a><\/p>\n<h1>Covoiturage<\/h1>\n<p>C&rsquo;est une bonne solution, pour profiter pleinement de Bobines rebelles, et faire de chouettes rencontres :<\/p>\n<ul>\n<li><a title=\"Les propositions de covoiturage pour les prochaines initiatives pr\u00e9vues au LAG\" href=\"http:\/\/www.lelag.fr\/site\/proposition-covoiturage-pour-les-prochaines-initiatives-prevues-au-lag\/\">Vous proposez des places en covoiturage : c&rsquo;est ici.<\/a><\/li>\n<li><a title=\"Les offres de covoiturage pour les initiatives pr\u00e9vues au LAG\" href=\"http:\/\/www.lelag.fr\/site\/les-offres-de-covoiturage-pour-les-initiatives-prevues-au-lag\/\"> Vous cherchez des places en covoiturage : c&rsquo;est ici.<\/a><\/li>\n<\/ul>\n","protected":false},"excerpt":{"rendered":"<p>7\u00e8me \u00e9dition du festival documentaire, d&rsquo;auteur, social et politique, en pr\u00e9sence des r\u00e9alisatrices et r\u00e9alisateurs. Elle se d\u00e9roulera durant la soir\u00e9e du vendredi 5, et l&rsquo;ensemble de la journ\u00e9e du 6 avril 2019. En t\u00e9l\u00e9chargement : Le programme du festival &hellip; <a href=\"https:\/\/www.lelag.fr\/site\/cinema\/bobines-rebelles\/bobines-rebelles-2019\/\">Continuer la lecture <span class=\"meta-nav\">&rarr;<\/span><\/a><\/p>\n","protected":false},"author":1,"featured_media":0,"parent":925,"menu_order":62,"comment_status":"closed","ping_status":"closed","template":"","meta":{"footnotes":""},"class_list":["post-5036","page","type-page","status-publish","hentry"],"_links":{"self":[{"href":"https:\/\/www.lelag.fr\/site\/wp-json\/wp\/v2\/pages\/5036","targetHints":{"allow":["GET"]}}],"collection":[{"href":"https:\/\/www.lelag.fr\/site\/wp-json\/wp\/v2\/pages"}],"about":[{"href":"https:\/\/www.lelag.fr\/site\/wp-json\/wp\/v2\/types\/page"}],"author":[{"embeddable":true,"href":"https:\/\/www.lelag.fr\/site\/wp-json\/wp\/v2\/users\/1"}],"replies":[{"embeddable":true,"href":"https:\/\/www.lelag.fr\/site\/wp-json\/wp\/v2\/comments?post=5036"}],"version-history":[{"count":7,"href":"https:\/\/www.lelag.fr\/site\/wp-json\/wp\/v2\/pages\/5036\/revisions"}],"predecessor-version":[{"id":5061,"href":"https:\/\/www.lelag.fr\/site\/wp-json\/wp\/v2\/pages\/5036\/revisions\/5061"}],"up":[{"embeddable":true,"href":"https:\/\/www.lelag.fr\/site\/wp-json\/wp\/v2\/pages\/925"}],"wp:attachment":[{"href":"https:\/\/www.lelag.fr\/site\/wp-json\/wp\/v2\/media?parent=5036"}],"curies":[{"name":"wp","href":"https:\/\/api.w.org\/{rel}","templated":true}]}}