{"id":3728,"date":"2017-01-22T15:42:05","date_gmt":"2017-01-22T14:42:05","guid":{"rendered":"http:\/\/www.lelag.fr\/site\/?page_id=3728"},"modified":"2023-02-22T11:04:19","modified_gmt":"2023-02-22T10:04:19","slug":"bobines-rebelles-2017","status":"publish","type":"page","link":"https:\/\/www.lelag.fr\/site\/cinema\/bobines-rebelles\/bobines-rebelles-2017\/","title":{"rendered":"Bobines rebelles 2017"},"content":{"rendered":"<div id=\"attachment_3729\" style=\"width: 210px\" class=\"wp-caption aligncenter\"><a href=\"http:\/\/www.lelag.fr\/site\/wp-content\/uploads\/2017\/01\/Affiche-BR62-2017-01.jpg\"><img loading=\"lazy\" decoding=\"async\" aria-describedby=\"caption-attachment-3729\" class=\"size-medium wp-image-3729\" src=\"http:\/\/www.lelag.fr\/site\/wp-content\/uploads\/2017\/01\/Affiche-BR62-2017-01-200x300.jpg\" alt=\"Bobines rebelles 2017\" width=\"200\" height=\"300\" srcset=\"https:\/\/www.lelag.fr\/site\/wp-content\/uploads\/2017\/01\/Affiche-BR62-2017-01-200x300.jpg 200w, https:\/\/www.lelag.fr\/site\/wp-content\/uploads\/2017\/01\/Affiche-BR62-2017-01.jpg 512w\" sizes=\"auto, (max-width: 200px) 100vw, 200px\" \/><\/a><p id=\"caption-attachment-3729\" class=\"wp-caption-text\">Bobines rebelles 2017<\/p><\/div>\n<p>C&rsquo;est la 5\u00e8me \u00e9dition de Bobines rebelles dans le 62 !<\/p>\n<p>Cette 5\u00e8me \u00e9dition se d\u00e9roulera <strong>durant la soir\u00e9e du vendredi 7, et l\u2019ensemble de la journ\u00e9e du samedi 8 avril 2017.<\/strong><\/p>\n<h1>Programmation<\/h1>\n<p>Conform\u00e9ment \u00e0 l\u2019esprit de Bobines rebelles, chaque projection est suivie d\u2019un \u00e9change avec la r\u00e9alisatrice \/ le r\u00e9alisateur.<\/p>\n<p><strong>L&rsquo;ensemble du festival se d\u00e9roule au LAG, 23 avenue Jean Jaur\u00e8s, \u00e0 Li\u00e9vin<\/strong><\/p>\n<h2>Vendredi 7 avril 2017<\/h2>\n<ul>\n<li>20h00 : Ouverture du festival Bobines rebelles 2017 : <a href=\"http:\/\/www.lelag.fr\/site\/ou-est-la-guerre\/\">O\u00f9 est la guerre de Carmit Harash<\/a> &#8211; Film + \u00e9changes avec la r\u00e9alisatrice<\/li>\n<\/ul>\n<h2>Samedi 8 avril 2017<\/h2>\n<ul>\n<li>11h00 : <a href=\"http:\/\/www.lelag.fr\/site\/ya-oulidi-le-prix-de-la-douleur\/\">Ya Oulidi, le prix de la douleur<i> <\/i>de Joseph Marando<\/a> &#8211; Film + \u00e9changes avec le r\u00e9alisateur<\/li>\n<li>Petite restauration possible sur place le midi<\/li>\n<li>14h30 : <a href=\"http:\/\/www.lelag.fr\/site\/belle-de-nuit\/\">Belle de nuit de Marie Eve de Grave<\/a> &#8211; Film + \u00e9changes avec la r\u00e9alisatrice<\/li>\n<li>17h30 : <a href=\"http:\/\/www.lelag.fr\/site\/des-jours-et-des-nuits-sur-laire\/\">Des jours et des nuits sur l&rsquo;aire de Isabelle Ingold<\/a> &#8211; Film + \u00e9changes avec la r\u00e9alisatrice<\/li>\n<li>20h30 : Babines rebelles &#8211; voir plus bas<\/li>\n<\/ul>\n<h1>Prix libre<\/h1>\n<p>Comme chaque ann\u00e9e, la participation au week-end est \u00e0 prix libre : les entr\u00e9es ainsi que le repas du samedi soir, Babines rebelles. Une seule exception : les boissons du bar. Et les sandwiches du samedi midi qui sont \u00e0 prix co\u00fbtant.<\/p>\n<p><a href=\"http:\/\/www.lelag.fr\/site\/le-lag\/fonctionnement-charte-du-lag\/le-prix-libre\/\">Au LAG, le prix libre est une r\u00e9elle d\u00e9marche politique&#8230;<\/a><\/p>\n<h1>Babines rebelles<\/h1>\n<p>La soir\u00e9e se poursuit ensuite autour du d\u00e9sormais fameux repas <strong>Babines rebelles<\/strong>, \u00e0 20h30, avec l\u2019ensemble des r\u00e9alisateurs \u2013 r\u00e9alisatrices. <a href=\"http:\/\/www.lelag.fr\/site\/babines-rebelles\/\">Il est indispensable de s&rsquo;inscrire.<\/a><\/p>\n<h1>Covoiturage<\/h1>\n<p>C&rsquo;est une bonne solution, pour profiter pleinement de Bobines rebelles, et faire de chouettes rencontres :<\/p>\n<ul>\n<li><a title=\"Les propositions de covoiturage pour les prochaines initiatives pr\u00e9vues au LAG\" href=\"http:\/\/www.lelag.fr\/site\/proposition-covoiturage-pour-les-prochaines-initiatives-prevues-au-lag\/\">Vous proposez des places en covoiturage : c&rsquo;est ici.<\/a><\/li>\n<li><a title=\"Les offres de covoiturage pour les initiatives pr\u00e9vues au LAG\" href=\"http:\/\/www.lelag.fr\/site\/les-offres-de-covoiturage-pour-les-initiatives-prevues-au-lag\/\"> Vous cherchez des places en covoiturage : c&rsquo;est ici.<\/a><\/li>\n<\/ul>\n<h1>Retour sur les pr\u00e9c\u00e9dentes \u00e9ditions<\/h1>\n<p>En attendant la tenue de cette 5\u00e8me \u00e9dition, plus belle et plus rebelle que jamais, on peut se jouer une s\u00e9quence nostalgie, en se rem\u00e9morant les programmations pr\u00e9c\u00e9dentes :<\/p>\n<ul>\n<li><a title=\"Bobines Rebelles 2013\" href=\"http:\/\/www.lelag.fr\/site\/cinema\/bobines-rebelles\/bobines-rebelles-2013\/\">Bobines rebelles 2013<\/a><\/li>\n<li><a title=\"Bobines Rebelles 2014\" href=\"http:\/\/www.lelag.fr\/site\/cinema\/bobines-rebelles\/bobines-rebelles-2014\/\">Bobines rebelles 2014<\/a><\/li>\n<li><a href=\"http:\/\/www.lelag.fr\/site\/cinema\/bobines-rebelles\/bobines-rebelles-2015\/\">Bobines rebelles 2015<\/a><\/li>\n<li><a href=\"http:\/\/www.lelag.fr\/site\/cinema\/bobines-rebelles\/bobines-rebelles-2016\/\">Bobines rebelles 2016<\/a><\/li>\n<\/ul>\n<h1>5\u00e8me festival du documentaire d\u2019auteur, social et politique dans le 62<\/h1>\n<p>Bobines rebelles, c\u2019est un <strong>Festival de documentaire d\u2019auteur social et politique<\/strong>, auto-organis\u00e9 dans diverses r\u00e9gions de France.<\/p>\n<p>Chaque s\u00e9ance du festival Bobines rebelles est propos\u00e9e \u00e0 <a title=\"Le prix libre\" href=\"http:\/\/lag.bassinminier62.org\/site\/le-lag\/fonctionnement-charte-du-lag\/le-prix-libre\/\">prix libre.<\/a><\/p>\n<p><strong>Festival<\/strong>: en programmant pendant un week-end une s\u00e9rie de films documentaires, nous voulons proposer un moment fort, permettant de cr\u00e9er une v\u00e9ritable dynamique de r\u00e9flexion.<\/p>\n<p><strong>Documentaire<\/strong>\u00a0: en revendiquant un point de vue clairement affirm\u00e9, le documentaire permet de faire appara\u00eetre une r\u00e9alit\u00e9 qui, d\u2019habitude, nous est cach\u00e9e. Il favorise une d\u00e9marche critique et l\u2019\u00e9mergence d\u2019une conscience politique plus engag\u00e9e.<\/p>\n<p><strong>D&rsquo;auteur<\/strong>\u00a0: le documentaire d\u02bcauteur est un prisme particulier permettant de nourrir une r\u00e9flexion collective. Ce cin\u00e9ma laisse une large place au spectateur dans l&rsquo;\u00e9laboration d&rsquo;une pens\u00e9e (\u00e0 l\u02bcinverse d\u02bcun reportage t\u00e9l\u00e9visuel, o\u00f9 le cerveau du spectateur est pris dans l\u02bc\u00e9tau des \u00e9vidences et autres lieux communs).<\/p>\n<p><strong>Social et politique<\/strong>\u00a0: \u00e0 l\u2019heure o\u00f9 les tenants du pouvoir nous imposent une pens\u00e9e unique associ\u00e9e \u00e0 une fausse bipolarisation politique, nous voulons partager nos interrogations, confronter nos dissidences. Ind\u00e9pendance politique et autonomie de pens\u00e9e sont, aujourd\u2019hui, une exigence sociale<\/p>\n<p><em>\u00ab Le documentaire social se distingue du documentaire tout court et des actualit\u00e9s de la semaine par le point de vue que d\u00e9fend nettement son auteur. Ce documentaire social exige que l\u2019on prenne position car il met les points sur les i. S\u2019il n\u2019engage pas un artiste, il engage au moins un homme. Ceci vaut bien cela. (\u2026) Ce documentaire social devra nous dessiller les yeux. \u00bb<\/em> Jean Vigo (1905-1934)<\/p>\n","protected":false},"excerpt":{"rendered":"<p>C&rsquo;est la 5\u00e8me \u00e9dition de Bobines rebelles dans le 62 ! Cette 5\u00e8me \u00e9dition se d\u00e9roulera durant la soir\u00e9e du vendredi 7, et l\u2019ensemble de la journ\u00e9e du samedi 8 avril 2017. Programmation Conform\u00e9ment \u00e0 l\u2019esprit de Bobines rebelles, chaque &hellip; <a href=\"https:\/\/www.lelag.fr\/site\/cinema\/bobines-rebelles\/bobines-rebelles-2017\/\">Continuer la lecture <span class=\"meta-nav\">&rarr;<\/span><\/a><\/p>\n","protected":false},"author":1,"featured_media":0,"parent":925,"menu_order":64,"comment_status":"closed","ping_status":"closed","template":"","meta":{"footnotes":""},"class_list":["post-3728","page","type-page","status-publish","hentry"],"_links":{"self":[{"href":"https:\/\/www.lelag.fr\/site\/wp-json\/wp\/v2\/pages\/3728","targetHints":{"allow":["GET"]}}],"collection":[{"href":"https:\/\/www.lelag.fr\/site\/wp-json\/wp\/v2\/pages"}],"about":[{"href":"https:\/\/www.lelag.fr\/site\/wp-json\/wp\/v2\/types\/page"}],"author":[{"embeddable":true,"href":"https:\/\/www.lelag.fr\/site\/wp-json\/wp\/v2\/users\/1"}],"replies":[{"embeddable":true,"href":"https:\/\/www.lelag.fr\/site\/wp-json\/wp\/v2\/comments?post=3728"}],"version-history":[{"count":14,"href":"https:\/\/www.lelag.fr\/site\/wp-json\/wp\/v2\/pages\/3728\/revisions"}],"predecessor-version":[{"id":3735,"href":"https:\/\/www.lelag.fr\/site\/wp-json\/wp\/v2\/pages\/3728\/revisions\/3735"}],"up":[{"embeddable":true,"href":"https:\/\/www.lelag.fr\/site\/wp-json\/wp\/v2\/pages\/925"}],"wp:attachment":[{"href":"https:\/\/www.lelag.fr\/site\/wp-json\/wp\/v2\/media?parent=3728"}],"curies":[{"name":"wp","href":"https:\/\/api.w.org\/{rel}","templated":true}]}}