{"id":367,"date":"2012-09-26T19:04:26","date_gmt":"2012-09-26T18:04:26","guid":{"rendered":"http:\/\/lag.bassinminier62.org\/site\/?page_id=367"},"modified":"2013-11-11T18:48:23","modified_gmt":"2013-11-11T17:48:23","slug":"le-lag-septembre-2012","status":"publish","type":"page","link":"https:\/\/www.lelag.fr\/site\/le-lag\/les-archives-du-lag\/le-lag-septembre-2012\/","title":{"rendered":"Le LAG : septembre 2012"},"content":{"rendered":"<h2>Fin septembre 2012 : chantier au LAG<\/h2>\n<p>Il faut reconna\u00eetre qu&rsquo;on en a mis un coup :<\/p>\n<ul>\n<li>Peintures<\/li>\n<li>Installation de la cuisine &#8211; notre cantine autog\u00e9r\u00e9e, on y tient \ud83d\ude09<\/li>\n<li>Cloisons vitr\u00e9es<\/li>\n<li>\u00c9lectricit\u00e9<\/li>\n<li>&#8230;<\/li>\n<\/ul>\n<p>On ne s&rsquo;est pas ennuy\u00e9. C&rsquo;\u00e9tait tr\u00e8s sympa&#8230; d&rsquo;autant que l&rsquo;ami Beno\u00eet a eu le bon go\u00fbt de na\u00eetre 29 ans auparavant \ud83d\ude09<\/p>\n<p><a title=\"Gros travaux au LAG en septembre 2012\" href=\"http:\/\/lelag.fr\/lag\/20120930-TravauxLAG\/\">Le plus simple est de consulter le diaporama photos.<\/a><\/p>\n<p>&nbsp;<\/p>\n<p>&nbsp;<\/p>\n<h2>Installation de l&rsquo;espace Docu-Club<\/h2>\n<p><a title=\"Cin\u00e9ma\" href=\"http:\/\/lag.bassinminier62.org\/site\/projets-2012-2013\/cinema\/\">Le docu-club, les cin\u00e9-d\u00e9bats<\/a> sont des activit\u00e9s importantes au LAG.<\/p>\n<div id=\"attachment_368\" style=\"width: 310px\" class=\"wp-caption aligncenter\"><a href=\"http:\/\/lag.bassinminier62.org\/site\/wp-content\/uploads\/2012\/09\/201209-LAG-InstallDocuClub-008.jpg\"><img loading=\"lazy\" decoding=\"async\" aria-describedby=\"caption-attachment-368\" class=\"size-medium wp-image-368\" title=\"201209-LAG-InstallDocuClub-008\" alt=\"L'\u00e9cran de projection\" src=\"http:\/\/lag.bassinminier62.org\/site\/wp-content\/uploads\/2012\/09\/201209-LAG-InstallDocuClub-008-300x225.jpg\" width=\"300\" height=\"225\" srcset=\"https:\/\/www.lelag.fr\/site\/wp-content\/uploads\/2012\/09\/201209-LAG-InstallDocuClub-008-300x225.jpg 300w, https:\/\/www.lelag.fr\/site\/wp-content\/uploads\/2012\/09\/201209-LAG-InstallDocuClub-008.jpg 640w\" sizes=\"auto, (max-width: 300px) 100vw, 300px\" \/><\/a><p id=\"caption-attachment-368\" class=\"wp-caption-text\">L&rsquo;\u00e9cran de projection<\/p><\/div>\n<p>&nbsp;<\/p>\n<div id=\"attachment_369\" style=\"width: 310px\" class=\"wp-caption alignright\"><a href=\"http:\/\/lag.bassinminier62.org\/site\/wp-content\/uploads\/2012\/09\/201209-LAG-InstallDocuClub-007.jpg\"><img loading=\"lazy\" decoding=\"async\" aria-describedby=\"caption-attachment-369\" class=\"size-medium wp-image-369\" title=\"201209-LAG-InstallDocuClub-007\" alt=\"Docu-club 01\" src=\"http:\/\/lag.bassinminier62.org\/site\/wp-content\/uploads\/2012\/09\/201209-LAG-InstallDocuClub-007-300x225.jpg\" width=\"300\" height=\"225\" srcset=\"https:\/\/www.lelag.fr\/site\/wp-content\/uploads\/2012\/09\/201209-LAG-InstallDocuClub-007-300x225.jpg 300w, https:\/\/www.lelag.fr\/site\/wp-content\/uploads\/2012\/09\/201209-LAG-InstallDocuClub-007.jpg 640w\" sizes=\"auto, (max-width: 300px) 100vw, 300px\" \/><\/a><p id=\"caption-attachment-369\" class=\"wp-caption-text\">Docu-club 01<\/p><\/div>\n<p>&nbsp;<\/p>\n<p>&nbsp;<\/p>\n<p>&nbsp;<\/p>\n<p>&nbsp;<\/p>\n<p>&nbsp;<\/p>\n<p>&nbsp;<\/p>\n<p>&nbsp;<\/p>\n<div id=\"attachment_370\" style=\"width: 310px\" class=\"wp-caption alignleft\"><a href=\"http:\/\/lag.bassinminier62.org\/site\/wp-content\/uploads\/2012\/09\/201209-LAG-InstallDocuClub-006.jpg\"><img loading=\"lazy\" decoding=\"async\" aria-describedby=\"caption-attachment-370\" class=\"size-medium wp-image-370\" title=\"201209-LAG-InstallDocuClub-006\" alt=\"Docu-Club 02\" src=\"http:\/\/lag.bassinminier62.org\/site\/wp-content\/uploads\/2012\/09\/201209-LAG-InstallDocuClub-006-300x225.jpg\" width=\"300\" height=\"225\" srcset=\"https:\/\/www.lelag.fr\/site\/wp-content\/uploads\/2012\/09\/201209-LAG-InstallDocuClub-006-300x225.jpg 300w, https:\/\/www.lelag.fr\/site\/wp-content\/uploads\/2012\/09\/201209-LAG-InstallDocuClub-006.jpg 640w\" sizes=\"auto, (max-width: 300px) 100vw, 300px\" \/><\/a><p id=\"caption-attachment-370\" class=\"wp-caption-text\">Docu-Club 02<\/p><\/div>\n<p>&nbsp;<\/p>\n<p>&nbsp;<\/p>\n<p>&nbsp;<\/p>\n<p>&nbsp;<\/p>\n<p>&nbsp;<\/p>\n<p>&nbsp;<\/p>\n<p>&nbsp;<\/p>\n<div id=\"attachment_371\" style=\"width: 310px\" class=\"wp-caption aligncenter\"><a href=\"http:\/\/lag.bassinminier62.org\/site\/wp-content\/uploads\/2012\/09\/201209-LAG-InstallDocuClub-005.jpg\"><img loading=\"lazy\" decoding=\"async\" aria-describedby=\"caption-attachment-371\" class=\"size-medium wp-image-371\" title=\"201209-LAG-InstallDocuClub-005\" alt=\"Docu-Club 03\" src=\"http:\/\/lag.bassinminier62.org\/site\/wp-content\/uploads\/2012\/09\/201209-LAG-InstallDocuClub-005-300x225.jpg\" width=\"300\" height=\"225\" srcset=\"https:\/\/www.lelag.fr\/site\/wp-content\/uploads\/2012\/09\/201209-LAG-InstallDocuClub-005-300x225.jpg 300w, https:\/\/www.lelag.fr\/site\/wp-content\/uploads\/2012\/09\/201209-LAG-InstallDocuClub-005.jpg 640w\" sizes=\"auto, (max-width: 300px) 100vw, 300px\" \/><\/a><p id=\"caption-attachment-371\" class=\"wp-caption-text\">Docu-Club 03<\/p><\/div>\n<p>&nbsp;<\/p>\n<div id=\"attachment_372\" style=\"width: 310px\" class=\"wp-caption alignright\"><a href=\"http:\/\/lag.bassinminier62.org\/site\/wp-content\/uploads\/2012\/09\/201209-LAG-InstallDocuClub-004.jpg\"><img loading=\"lazy\" decoding=\"async\" aria-describedby=\"caption-attachment-372\" class=\"size-medium wp-image-372\" title=\"201209-LAG-InstallDocuClub-004\" alt=\"Docu-Club 04\" src=\"http:\/\/lag.bassinminier62.org\/site\/wp-content\/uploads\/2012\/09\/201209-LAG-InstallDocuClub-004-300x225.jpg\" width=\"300\" height=\"225\" srcset=\"https:\/\/www.lelag.fr\/site\/wp-content\/uploads\/2012\/09\/201209-LAG-InstallDocuClub-004-300x225.jpg 300w, https:\/\/www.lelag.fr\/site\/wp-content\/uploads\/2012\/09\/201209-LAG-InstallDocuClub-004.jpg 640w\" sizes=\"auto, (max-width: 300px) 100vw, 300px\" \/><\/a><p id=\"caption-attachment-372\" class=\"wp-caption-text\">Docu-Club 04<\/p><\/div>\n<p>&nbsp;<\/p>\n<p>&nbsp;<\/p>\n<p>&nbsp;<\/p>\n<p>&nbsp;<\/p>\n<p>&nbsp;<\/p>\n<p>&nbsp;<\/p>\n<div id=\"attachment_373\" style=\"width: 310px\" class=\"wp-caption aligncenter\"><a href=\"http:\/\/lag.bassinminier62.org\/site\/wp-content\/uploads\/2012\/09\/201209-LAG-InstallDocuClub-003.jpg\"><img loading=\"lazy\" decoding=\"async\" aria-describedby=\"caption-attachment-373\" class=\"size-medium wp-image-373\" title=\"201209-LAG-InstallDocuClub-003\" alt=\"Docu-Club 05\" src=\"http:\/\/lag.bassinminier62.org\/site\/wp-content\/uploads\/2012\/09\/201209-LAG-InstallDocuClub-003-300x225.jpg\" width=\"300\" height=\"225\" srcset=\"https:\/\/www.lelag.fr\/site\/wp-content\/uploads\/2012\/09\/201209-LAG-InstallDocuClub-003-300x225.jpg 300w, https:\/\/www.lelag.fr\/site\/wp-content\/uploads\/2012\/09\/201209-LAG-InstallDocuClub-003.jpg 640w\" sizes=\"auto, (max-width: 300px) 100vw, 300px\" \/><\/a><p id=\"caption-attachment-373\" class=\"wp-caption-text\">Docu-Club 05<\/p><\/div>\n<p>&nbsp;<\/p>\n<div id=\"attachment_374\" style=\"width: 310px\" class=\"wp-caption alignleft\"><a href=\"http:\/\/lag.bassinminier62.org\/site\/wp-content\/uploads\/2012\/09\/201209-LAG-InstallDocuClub-002.jpg\"><img loading=\"lazy\" decoding=\"async\" aria-describedby=\"caption-attachment-374\" class=\"size-medium wp-image-374\" title=\"201209-LAG-InstallDocuClub-002\" alt=\"Docu-Club 06\" src=\"http:\/\/lag.bassinminier62.org\/site\/wp-content\/uploads\/2012\/09\/201209-LAG-InstallDocuClub-002-300x225.jpg\" width=\"300\" height=\"225\" srcset=\"https:\/\/www.lelag.fr\/site\/wp-content\/uploads\/2012\/09\/201209-LAG-InstallDocuClub-002-300x225.jpg 300w, https:\/\/www.lelag.fr\/site\/wp-content\/uploads\/2012\/09\/201209-LAG-InstallDocuClub-002.jpg 640w\" sizes=\"auto, (max-width: 300px) 100vw, 300px\" \/><\/a><p id=\"caption-attachment-374\" class=\"wp-caption-text\">Docu-Club 06<\/p><\/div>\n<p>&nbsp;<\/p>\n<p>&nbsp;<\/p>\n<p>&nbsp;<\/p>\n<p>&nbsp;<\/p>\n<p>&nbsp;<\/p>\n<p>&nbsp;<\/p>\n<p>&nbsp;<\/p>\n<div id=\"attachment_375\" style=\"width: 310px\" class=\"wp-caption aligncenter\"><a href=\"http:\/\/lag.bassinminier62.org\/site\/wp-content\/uploads\/2012\/09\/201209-LAG-InstallDocuClub-001.jpg\"><img loading=\"lazy\" decoding=\"async\" aria-describedby=\"caption-attachment-375\" class=\"size-medium wp-image-375\" title=\"201209-LAG-InstallDocuClub-001\" alt=\"Docu-Club 07\" src=\"http:\/\/lag.bassinminier62.org\/site\/wp-content\/uploads\/2012\/09\/201209-LAG-InstallDocuClub-001-300x225.jpg\" width=\"300\" height=\"225\" srcset=\"https:\/\/www.lelag.fr\/site\/wp-content\/uploads\/2012\/09\/201209-LAG-InstallDocuClub-001-300x225.jpg 300w, https:\/\/www.lelag.fr\/site\/wp-content\/uploads\/2012\/09\/201209-LAG-InstallDocuClub-001.jpg 640w\" sizes=\"auto, (max-width: 300px) 100vw, 300px\" \/><\/a><p id=\"caption-attachment-375\" class=\"wp-caption-text\">Docu-Club 07<\/p><\/div>\n","protected":false},"excerpt":{"rendered":"<p>Fin septembre 2012 : chantier au LAG Il faut reconna\u00eetre qu&rsquo;on en a mis un coup : Peintures Installation de la cuisine &#8211; notre cantine autog\u00e9r\u00e9e, on y tient \ud83d\ude09 Cloisons vitr\u00e9es \u00c9lectricit\u00e9 &#8230; On ne s&rsquo;est pas ennuy\u00e9. C&rsquo;\u00e9tait &hellip; <a href=\"https:\/\/www.lelag.fr\/site\/le-lag\/les-archives-du-lag\/le-lag-septembre-2012\/\">Continuer la lecture <span class=\"meta-nav\">&rarr;<\/span><\/a><\/p>\n","protected":false},"author":1,"featured_media":0,"parent":966,"menu_order":90,"comment_status":"closed","ping_status":"open","template":"","meta":{"footnotes":""},"class_list":["post-367","page","type-page","status-publish","hentry"],"_links":{"self":[{"href":"https:\/\/www.lelag.fr\/site\/wp-json\/wp\/v2\/pages\/367","targetHints":{"allow":["GET"]}}],"collection":[{"href":"https:\/\/www.lelag.fr\/site\/wp-json\/wp\/v2\/pages"}],"about":[{"href":"https:\/\/www.lelag.fr\/site\/wp-json\/wp\/v2\/types\/page"}],"author":[{"embeddable":true,"href":"https:\/\/www.lelag.fr\/site\/wp-json\/wp\/v2\/users\/1"}],"replies":[{"embeddable":true,"href":"https:\/\/www.lelag.fr\/site\/wp-json\/wp\/v2\/comments?post=367"}],"version-history":[{"count":8,"href":"https:\/\/www.lelag.fr\/site\/wp-json\/wp\/v2\/pages\/367\/revisions"}],"predecessor-version":[{"id":1607,"href":"https:\/\/www.lelag.fr\/site\/wp-json\/wp\/v2\/pages\/367\/revisions\/1607"}],"up":[{"embeddable":true,"href":"https:\/\/www.lelag.fr\/site\/wp-json\/wp\/v2\/pages\/966"}],"wp:attachment":[{"href":"https:\/\/www.lelag.fr\/site\/wp-json\/wp\/v2\/media?parent=367"}],"curies":[{"name":"wp","href":"https:\/\/api.w.org\/{rel}","templated":true}]}}