{"id":3302,"date":"2016-03-05T17:47:11","date_gmt":"2016-03-05T16:47:11","guid":{"rendered":"http:\/\/www.lelag.fr\/site\/?page_id=3302"},"modified":"2016-03-06T16:41:51","modified_gmt":"2016-03-06T15:41:51","slug":"fais-le-toi-meme-les-ateliers-de-lemancipation-anti-conso","status":"publish","type":"page","link":"https:\/\/www.lelag.fr\/site\/nos-projets\/fais-le-toi-meme-les-ateliers-de-lemancipation-anti-conso\/","title":{"rendered":"Fais le toi m\u00eame : les ateliers de l&rsquo;\u00e9mancipation anti-conso"},"content":{"rendered":"<p>Tout est dans le titre :<\/p>\n<ul>\n<li>on r\u00e9alise <strong>nous m\u00eame<\/strong>&#8230;<\/li>\n<li>c&rsquo;est une d\u00e9marche \u00e9mancipatrice, qui s&rsquo;inscrit dans la <strong>reprise en main de notre vie<\/strong>&#8230;<\/li>\n<li>c&rsquo;est de l&rsquo;anticonsommation : on ne fait <strong>que ce dont on a besoin.<\/strong><\/li>\n<\/ul>\n<p>Ces ateliers se d\u00e9roulent une fois par mois, le samedi apr\u00e8s-midi, de 14 \u00e0 17h00 &#8211;&gt; Consulter <a href=\"http:\/\/www.lelag.fr\/site\/agenda\/\">l&rsquo;agenda du LAG<\/a>, pour les prochaines dates.<\/p>\n<p>Pour donner un petit aper\u00e7u de ces ateliers, on pourra consulter :<\/p>\n<ul>\n<li><a href=\"http:\/\/www.lelag.fr\/site\/realisation-de-produits-menagers\/\">Les photos de l&rsquo;atelier consacr\u00e9 \u00e0 la r\u00e9alisation de produits m\u00e9nagers, en janvier 2016<\/a><\/li>\n<li><a href=\"http:\/\/www.lelag.fr\/site\/realisation-de-produits-cosmeto\/\">Les recettes des produits cosm\u00e9tiques r\u00e9alis\u00e9s durant l&rsquo;atelier du mois de f\u00e9vrier 2016.<\/a><\/li>\n<\/ul>\n<p>La prochaine s\u00e9ance portera sur la fabrication de bi\u00e8re.<\/p>\n","protected":false},"excerpt":{"rendered":"<p>Tout est dans le titre : on r\u00e9alise nous m\u00eame&#8230; c&rsquo;est une d\u00e9marche \u00e9mancipatrice, qui s&rsquo;inscrit dans la reprise en main de notre vie&#8230; c&rsquo;est de l&rsquo;anticonsommation : on ne fait que ce dont on a besoin. Ces ateliers se &hellip; <a href=\"https:\/\/www.lelag.fr\/site\/nos-projets\/fais-le-toi-meme-les-ateliers-de-lemancipation-anti-conso\/\">Continuer la lecture <span class=\"meta-nav\">&rarr;<\/span><\/a><\/p>\n","protected":false},"author":2,"featured_media":0,"parent":112,"menu_order":2,"comment_status":"closed","ping_status":"closed","template":"","meta":{"footnotes":""},"class_list":["post-3302","page","type-page","status-publish","hentry"],"_links":{"self":[{"href":"https:\/\/www.lelag.fr\/site\/wp-json\/wp\/v2\/pages\/3302","targetHints":{"allow":["GET"]}}],"collection":[{"href":"https:\/\/www.lelag.fr\/site\/wp-json\/wp\/v2\/pages"}],"about":[{"href":"https:\/\/www.lelag.fr\/site\/wp-json\/wp\/v2\/types\/page"}],"author":[{"embeddable":true,"href":"https:\/\/www.lelag.fr\/site\/wp-json\/wp\/v2\/users\/2"}],"replies":[{"embeddable":true,"href":"https:\/\/www.lelag.fr\/site\/wp-json\/wp\/v2\/comments?post=3302"}],"version-history":[{"count":2,"href":"https:\/\/www.lelag.fr\/site\/wp-json\/wp\/v2\/pages\/3302\/revisions"}],"predecessor-version":[{"id":3346,"href":"https:\/\/www.lelag.fr\/site\/wp-json\/wp\/v2\/pages\/3302\/revisions\/3346"}],"up":[{"embeddable":true,"href":"https:\/\/www.lelag.fr\/site\/wp-json\/wp\/v2\/pages\/112"}],"wp:attachment":[{"href":"https:\/\/www.lelag.fr\/site\/wp-json\/wp\/v2\/media?parent=3302"}],"curies":[{"name":"wp","href":"https:\/\/api.w.org\/{rel}","templated":true}]}}