{"id":327,"date":"2012-09-18T17:42:36","date_gmt":"2012-09-18T16:42:36","guid":{"rendered":"http:\/\/lag.bassinminier62.org\/site\/?page_id=327"},"modified":"2016-05-10T09:59:05","modified_gmt":"2016-05-10T07:59:05","slug":"contact-et-plan-dacces","status":"publish","type":"page","link":"https:\/\/www.lelag.fr\/site\/le-lag\/contact-et-plan-dacces\/","title":{"rendered":"Contact et plan d&rsquo;acc\u00e8s"},"content":{"rendered":"<h1>Pour nous contacter<\/h1>\n<h2>Par courrier<\/h2>\n<address>Le LAG<\/address>\n<address>23 avenue Jean Jaur\u00e8s<\/address>\n<address>62800 Li\u00e9vin<\/address>\n<address>\u00a0<\/address>\n<h2>Par courriel<\/h2>\n<address>contact[@]lelag.fr<\/address>\n<p>(retirer les [] qui entourent l&rsquo;arobase)<\/p>\n<address>\u00a0<\/address>\n<h1>Acc\u00e8s<\/h1>\n<p>&nbsp;<\/p>\n<ul>\n<li><strong>A pied, en v\u00e9lo, en voiture, en roller&#8230; <\/strong>Nous sommes situ\u00e9s en centre ville de Li\u00e9vin, sur l\u2019avenue principale, qui part de Lens, traverse Li\u00e9vin, et se poursuit vers Angres (voir plan ci-dessous).<\/li>\n<li><strong>En transport en commun<\/strong>\u00a0: le plus simple est de partir de la gare de Lens. Il suffit de prendre un bus de la ligne <strong>Tadao,<\/strong> le <strong>Bulle<\/strong> (Bus Li\u00e9vin Lens).<br \/>\nLe <strong>Bulle<\/strong> circule toutes les 15 minutes. On le prend en sortant de la gare, juste en face.<br \/>\nLe LAG se trouve entre les arr\u00eats <strong>Haute ville<\/strong> et\u00a0 <strong>Le Temple<\/strong>. Le temps de trajet entre la Gare de Lens et l&rsquo;un ou l&rsquo;autre de ces arr\u00eats est de 10\u2019.<\/li>\n<li>Pour celles\/ceux qui viennent en <strong>train+v\u00e9lo<\/strong>, il faut toujours descendre \u00e0 la gare de Lens, et venir \u00e0 Li\u00e9vin directement en v\u00e9lo, en suivant la direction Lens-&gt;Li\u00e9vin-&gt;Angres. <strong>Le LAG<\/strong> est \u00e0 moins de 3 KM de la gare de Lens.<\/li>\n<li><strong>Horaires des trains<\/strong>. Pas facile si vous venez \u00e0 une soir\u00e9e propos\u00e9e au LAG. Voici tout de m\u00eame quelques horaires. Au d\u00e9part de Lens vers Arras, les derniers trains sont \u00e0 20h44, puis 21h49 (ligne Hazebrouck-Arras). Au d\u00e9part de Lens vers B\u00e9thune, les derniers trains sont \u00e0 20h13, puis 21h51 (le vendredi), et 22h12 (du lundi au jeudi) (ligne Arras-Hazebrouck).<\/li>\n<li><strong>Covoiturage<\/strong>. Voir dans le menu la page consacr\u00e9e pour proposer et\/ou chercher un covoiturage.<\/li>\n<\/ul>\n<p>&nbsp;<\/p>\n<h1>Plan<\/h1>\n<p><iframe loading=\"lazy\" style=\"float: right; margin-left: 25px;\" src=\"http:\/\/cartosm.eu\/map?lon=2.783885105899&amp;lat=50.422866339447&amp;zoom=16&amp;width=800&amp;height=700&amp;mark=true&amp;nav=true&amp;pan=true&amp;zb=inout&amp;style=default&amp;icon=down\" width=\"800\" height=\"700\" frameborder=\"0\" marginwidth=\"0\" marginheight=\"0\" scrolling=\"no\"><\/iframe><\/p>\n","protected":false},"excerpt":{"rendered":"<p>Pour nous contacter Par courrier Le LAG 23 avenue Jean Jaur\u00e8s 62800 Li\u00e9vin \u00a0 Par courriel contact[@]lelag.fr (retirer les [] qui entourent l&rsquo;arobase) \u00a0 Acc\u00e8s &nbsp; A pied, en v\u00e9lo, en voiture, en roller&#8230; Nous sommes situ\u00e9s en centre ville &hellip; <a href=\"https:\/\/www.lelag.fr\/site\/le-lag\/contact-et-plan-dacces\/\">Continuer la lecture <span class=\"meta-nav\">&rarr;<\/span><\/a><\/p>\n","protected":false},"author":1,"featured_media":0,"parent":206,"menu_order":10,"comment_status":"closed","ping_status":"open","template":"","meta":{"footnotes":""},"class_list":["post-327","page","type-page","status-publish","hentry"],"_links":{"self":[{"href":"https:\/\/www.lelag.fr\/site\/wp-json\/wp\/v2\/pages\/327","targetHints":{"allow":["GET"]}}],"collection":[{"href":"https:\/\/www.lelag.fr\/site\/wp-json\/wp\/v2\/pages"}],"about":[{"href":"https:\/\/www.lelag.fr\/site\/wp-json\/wp\/v2\/types\/page"}],"author":[{"embeddable":true,"href":"https:\/\/www.lelag.fr\/site\/wp-json\/wp\/v2\/users\/1"}],"replies":[{"embeddable":true,"href":"https:\/\/www.lelag.fr\/site\/wp-json\/wp\/v2\/comments?post=327"}],"version-history":[{"count":8,"href":"https:\/\/www.lelag.fr\/site\/wp-json\/wp\/v2\/pages\/327\/revisions"}],"predecessor-version":[{"id":3407,"href":"https:\/\/www.lelag.fr\/site\/wp-json\/wp\/v2\/pages\/327\/revisions\/3407"}],"up":[{"embeddable":true,"href":"https:\/\/www.lelag.fr\/site\/wp-json\/wp\/v2\/pages\/206"}],"wp:attachment":[{"href":"https:\/\/www.lelag.fr\/site\/wp-json\/wp\/v2\/media?parent=327"}],"curies":[{"name":"wp","href":"https:\/\/api.w.org\/{rel}","templated":true}]}}