{"id":2784,"date":"2015-02-18T16:35:24","date_gmt":"2015-02-18T15:35:24","guid":{"rendered":"http:\/\/www.lelag.fr\/site\/?page_id=2784"},"modified":"2023-02-22T10:44:28","modified_gmt":"2023-02-22T09:44:28","slug":"bobines-rebelles-2015","status":"publish","type":"page","link":"https:\/\/www.lelag.fr\/site\/cinema\/bobines-rebelles\/bobines-rebelles-2015\/","title":{"rendered":"Bobines rebelles 2015"},"content":{"rendered":"<div id=\"attachment_2824\" style=\"width: 210px\" class=\"wp-caption aligncenter\"><a href=\"http:\/\/www.lelag.fr\/site\/wp-content\/uploads\/2015\/02\/BobReb-62-2015-10.jpg\"><img loading=\"lazy\" decoding=\"async\" aria-describedby=\"caption-attachment-2824\" class=\"size-medium wp-image-2824\" src=\"http:\/\/www.lelag.fr\/site\/wp-content\/uploads\/2015\/02\/BobReb-62-2015-10-200x300.jpg\" alt=\"Bobines Rebelles 2015\" width=\"200\" height=\"300\" srcset=\"https:\/\/www.lelag.fr\/site\/wp-content\/uploads\/2015\/02\/BobReb-62-2015-10-200x300.jpg 200w, https:\/\/www.lelag.fr\/site\/wp-content\/uploads\/2015\/02\/BobReb-62-2015-10.jpg 472w\" sizes=\"auto, (max-width: 200px) 100vw, 200px\" \/><\/a><p id=\"caption-attachment-2824\" class=\"wp-caption-text\">Bobines Rebelles 2015<\/p><\/div>\n<p>&nbsp;<\/p>\n<p>\u00c7a devient une (bonne) habitude : apr\u00e8s <a title=\"Bobines Rebelles 2013\" href=\"http:\/\/www.lelag.fr\/site\/cinema\/bobines-rebelles\/bobines-rebelles-2013\/\">2013<\/a> et <a title=\"Bobines Rebelles 2014\" href=\"http:\/\/www.lelag.fr\/site\/cinema\/bobines-rebelles\/bobines-rebelles-2014\/\">2014<\/a>, le LAG organise \u00e0 nouveau le festival Bobines rebelles.<\/p>\n<p>Cette 3\u00e8me \u00e9dition se d\u00e9roulera <strong>durant la soir\u00e9e du vendredi 17, et l&rsquo;ensemble de la journ\u00e9e du 18 avril 2015.<\/strong><\/p>\n<h1>Programmation<\/h1>\n<p>La programmation ci-dessous est disponible en t\u00e9l\u00e9chargement, pour impression papier : <a href=\"http:\/\/www.lelag.fr\/site\/wp-content\/uploads\/2015\/02\/DepliantBR2015.pdf\">Bobines rebelles 2015<\/a><\/p>\n<p>Conform\u00e9ment \u00e0 l&rsquo;esprit de Bobines rebelles, chaque projection est suivie d&rsquo;un \u00e9change avec la r\u00e9alisatrice \/ le r\u00e9alisateur.<\/p>\n<h2>Vendredi 17 avril 2015<\/h2>\n<ul>\n<li>Ouverture du festival Bobines rebelles 2015 : <a title=\"Les balles du 14 juillet 1953\" href=\"http:\/\/www.lelag.fr\/site\/les-balles-du-14-juillet-1953\/\">Les balles du 14 juillet 1953 de Daniel Kupferstein<\/a> &#8211; Film + \u00e9changes avec le r\u00e9alisateur<\/li>\n<li><strong>Cette soir\u00e9e d&rsquo;ouverture se tient au centre Arc-en-Ciel, place Gambetta, \u00e0 Li\u00e9vin, \u00e0 19h30<\/strong><\/li>\n<\/ul>\n<h2>Samedi 18 avril 2015<\/h2>\n<ul>\n<li><strong>Toute cette journ\u00e9e du 18 avril se d\u00e9roule au LAG, 23 avenue Jean Jaur\u00e8s, \u00e0 Li\u00e9vin.<\/strong><\/li>\n<li>10h30 : <a title=\"Tr\u00eave\" href=\"http:\/\/www.lelag.fr\/site\/treve\/\">Tr\u00eave de Carmit Harash<\/a> &#8211; Film + \u00e9changes avec la r\u00e9alisatrice<\/li>\n<li>14h00 : <a title=\"Les messagers\" href=\"http:\/\/www.lelag.fr\/site\/les-messagers\/\">Les messagers de H\u00e9l\u00e8ne Crouzillat et Laetitia Tura<\/a> &#8211; Film + \u00e9changes avec les r\u00e9alisatrices<\/li>\n<li>16h30 : <a title=\"Karaok\u00e9 domestique\" href=\"http:\/\/www.lelag.fr\/site\/karaoke-domestique\/\">Karaok\u00e9 domestique de In\u00e8s Rabadan<\/a> &#8211; Film + \u00e9changes avec la r\u00e9alisatrice<\/li>\n<li>18h00 : <a title=\"Vous qui gardez un coeur qui bat\" href=\"http:\/\/www.lelag.fr\/site\/vous-qui-gardez-un-coeur-qui-bat\/\">Vous qui gardez un coeur qui bat de Sylvain Verdet et Antoine Chaudagne<\/a> &#8211; Film + \u00e9changes avec les r\u00e9alisateurs<\/li>\n<\/ul>\n<p>La soir\u00e9e se poursuit ensuite autour du d\u00e9sormais fameux repas <strong>Babines rebelles<\/strong>, avec l&rsquo;ensemble des r\u00e9alisateurs &#8211; r\u00e9alisatrices.<\/p>\n<h1>3\u00e8me festival du documentaire d\u2019auteur, social et politique dans le 62<\/h1>\n<p>Bobines rebelles, c\u2019est un <strong>Festival de documentaire d\u2019auteur social et politique<\/strong>, auto-organis\u00e9 dans diverses r\u00e9gions de France.<\/p>\n<p>Chaque s\u00e9ance du festival Bobines rebelles est propos\u00e9e \u00e0 <a title=\"Le prix libre\" href=\"http:\/\/lag.bassinminier62.org\/site\/le-lag\/fonctionnement-charte-du-lag\/le-prix-libre\/\">prix libre.<\/a><\/p>\n<p><strong>Festival<\/strong>: en programmant pendant un week-end une s\u00e9rie de films documentaires, nous voulons proposer un moment fort, permettant de cr\u00e9er une v\u00e9ritable dynamique de r\u00e9flexion.<\/p>\n<p><strong>Documentaire<\/strong>\u00a0: en revendiquant un point de vue clairement affirm\u00e9, le documentaire permet de faire appara\u00eetre une r\u00e9alit\u00e9 qui, d\u2019habitude, nous est cach\u00e9e. Il favorise une d\u00e9marche critique et l\u2019\u00e9mergence d\u2019une conscience politique plus engag\u00e9e.<\/p>\n<p><strong>D&rsquo;auteur<\/strong>\u00a0: le documentaire d\u02bcauteur est un prisme particulier permettant de nourrir une r\u00e9flexion collective. Ce cin\u00e9ma laisse une large place au spectateur dans l&rsquo;\u00e9laboration d&rsquo;une pens\u00e9e (\u00e0 l\u02bcinverse d\u02bcun reportage t\u00e9l\u00e9visuel, o\u00f9 le cerveau du spectateur est pris dans l\u02bc\u00e9tau des \u00e9vidences et autres lieux communs).<\/p>\n<p><strong>Social et politique<\/strong>\u00a0: \u00e0 l\u2019heure o\u00f9 les tenants du pouvoir nous imposent une pens\u00e9e unique associ\u00e9e \u00e0 une fausse bipolarisation politique, nous voulons partager nos interrogations, confronter nos dissidences. Ind\u00e9pendance politique et autonomie de pens\u00e9e sont, aujourd\u2019hui, une exigence sociale<\/p>\n<p><em>\u00ab Le documentaire social se distingue du documentaire tout court et des actualit\u00e9s de la semaine par le point de vue que d\u00e9fend nettement son auteur. Ce documentaire social exige que l\u2019on prenne position car il met les points sur les i. S\u2019il n\u2019engage pas un artiste, il engage au moins un homme. Ceci vaut bien cela. (\u2026) Ce documentaire social devra nous dessiller les yeux. \u00bb<\/em> Jean Vigo (1905-1934)<\/p>\n<p>&nbsp;<\/p>\n","protected":false},"excerpt":{"rendered":"<p>&nbsp; \u00c7a devient une (bonne) habitude : apr\u00e8s 2013 et 2014, le LAG organise \u00e0 nouveau le festival Bobines rebelles. Cette 3\u00e8me \u00e9dition se d\u00e9roulera durant la soir\u00e9e du vendredi 17, et l&rsquo;ensemble de la journ\u00e9e du 18 avril 2015. &hellip; <a href=\"https:\/\/www.lelag.fr\/site\/cinema\/bobines-rebelles\/bobines-rebelles-2015\/\">Continuer la lecture <span class=\"meta-nav\">&rarr;<\/span><\/a><\/p>\n","protected":false},"author":1,"featured_media":0,"parent":925,"menu_order":70,"comment_status":"closed","ping_status":"closed","template":"","meta":{"footnotes":""},"class_list":["post-2784","page","type-page","status-publish","hentry"],"_links":{"self":[{"href":"https:\/\/www.lelag.fr\/site\/wp-json\/wp\/v2\/pages\/2784","targetHints":{"allow":["GET"]}}],"collection":[{"href":"https:\/\/www.lelag.fr\/site\/wp-json\/wp\/v2\/pages"}],"about":[{"href":"https:\/\/www.lelag.fr\/site\/wp-json\/wp\/v2\/types\/page"}],"author":[{"embeddable":true,"href":"https:\/\/www.lelag.fr\/site\/wp-json\/wp\/v2\/users\/1"}],"replies":[{"embeddable":true,"href":"https:\/\/www.lelag.fr\/site\/wp-json\/wp\/v2\/comments?post=2784"}],"version-history":[{"count":14,"href":"https:\/\/www.lelag.fr\/site\/wp-json\/wp\/v2\/pages\/2784\/revisions"}],"predecessor-version":[{"id":2786,"href":"https:\/\/www.lelag.fr\/site\/wp-json\/wp\/v2\/pages\/2784\/revisions\/2786"}],"up":[{"embeddable":true,"href":"https:\/\/www.lelag.fr\/site\/wp-json\/wp\/v2\/pages\/925"}],"wp:attachment":[{"href":"https:\/\/www.lelag.fr\/site\/wp-json\/wp\/v2\/media?parent=2784"}],"curies":[{"name":"wp","href":"https:\/\/api.w.org\/{rel}","templated":true}]}}