{"id":2219,"date":"2014-08-11T10:19:59","date_gmt":"2014-08-11T08:19:59","guid":{"rendered":"http:\/\/www.lelag.fr\/site\/?page_id=2219"},"modified":"2015-07-08T10:56:15","modified_gmt":"2015-07-08T08:56:15","slug":"sortir-du-capitalisme","status":"publish","type":"page","link":"https:\/\/www.lelag.fr\/site\/nos-projets\/formations-lag\/sortir-du-capitalisme\/","title":{"rendered":"Sortir du capitalisme"},"content":{"rendered":"<p>Il s\u2019agit d\u2019une formation, organis\u00e9e au LAG en 2014-2015. <b><br \/>\n<\/b><\/p>\n<h1>Les dates retenues<\/h1>\n<p>Toutes les s\u00e9ances se d\u00e9roulent le lundi, une fois par mois, au LAG, de 18h00 (pr\u00e9cises : nous d\u00e9marrons \u00e0 l&rsquo;heure) jusque 21h00. Elles sont suivies, pour celles et ceux qui le souhaitent, d&rsquo;une auberge espagnole (chacun-e apporte un plat sucr\u00e9 ou sal\u00e9 et une boisson).<\/p>\n<ul>\n<li>lundi 6 octobre 2014<\/li>\n<li>lundi 10 novembre 2014<\/li>\n<li>lundi 5 janvier 2015<\/li>\n<li>lundi 2 f\u00e9vrier 2015<\/li>\n<li>lundi 16 mars 2015<\/li>\n<li>lundi 20 avril 2015<\/li>\n<li>lundi 11 mai 2015<\/li>\n<li>lundi 1er juin 2015<\/li>\n<\/ul>\n<h1>Les contenus pr\u00e9vus<\/h1>\n<p>Nous avons convenu de travailler en petits groupes, et de pr\u00e9senter une analyse d&rsquo;action (de projet, d&rsquo;alternative, d&rsquo;initiative, &#8230;), en appui sur une proposition de grille (lien pour le t\u00e9l\u00e9chargement plus bas).<\/p>\n<p>6 groupes pr\u00e9senteront leur travail \u00e0 l&rsquo;occasion de 3 s\u00e9ances du stage. Les autres groupes pr\u00e9senteront leur travail \u00e0 l&rsquo;occasion de s\u00e9ances <em>hors stage<\/em>, ouvertes aux usagers-usag\u00e8res du LAG.<\/p>\n<p>Voici donc les pr\u00e9visions :<\/p>\n<ul>\n<li><strong>lundi 5 janvier 2015<\/strong> : Vincent (<em>AMAP bassin minier<\/em>) &#8211;<\/li>\n<li><strong>lundi 2 f\u00e9vrier 2015<\/strong> : Christine (<em>La ruche qui dit Oui<\/em>). \u00c0 consulter : <a title=\"La ruche qui dit Oui\" href=\"http:\/\/www.lelag.fr\/site\/la-ruche-qui-dit-oui\/\">quelques documents, parus dans la presse, concernant la Ruche qui dit Oui.<\/a>\u00a0 &#8211; Paul et Thierry (<em>Alterre Circuit<\/em>)<\/li>\n<li><strong>lundi 16 mars 2015<\/strong> : Nadine, Bernadette et Jean-Pierre (<em>Le LAG<\/em>) &#8211; Danielle et Edith (<em>une monnaie locale<\/em>) &#8211; Ludovic (<em>un exemple d&rsquo;\u00e9conomie de la fonctionnalit\u00e9<\/em>)<\/li>\n<li><strong>Hors stage<\/strong> : Mehdi et Nadir (<em>le revenu de base<\/em>) &#8211; Bernadette (\u00e0 venir) &#8211; Axel (<em>un SEL<\/em>) &#8211; J\u00e9r\u00e9mie (<em>une ville lente<\/em>) &#8211; Donald (<em>\u00e0 venir<\/em>) &#8211; Michel (<em>\u00e0 venir<\/em>)<\/li>\n<\/ul>\n<p><strong>\u00c0 l&rsquo;issue de la s\u00e9ance de mars, le stage disposera d&rsquo;une grille d&rsquo;analyse permettant d&rsquo;\u00e9tudier d&rsquo;autres actions, alternatives, projets, initiatives, &#8230;.<\/strong><\/p>\n<p>Le stage pourra alors aborder les points suivants :<\/p>\n<ul>\n<li>Quelle <strong>coh\u00e9rence<\/strong>, concernant des alternatives diff\u00e9rentes ?<\/li>\n<li>Alternatives et <strong>projet politique<\/strong><\/li>\n<li>Une <strong>compilation<\/strong> d&rsquo;alternatives suffit-elle \u00e0 changer la soci\u00e9t\u00e9 ?<\/li>\n<li>&#8230;<\/li>\n<\/ul>\n<h1>Les objectifs de la formation<\/h1>\n<p>Ce qui est vis\u00e9, \u00e0 la fin des 8 s\u00e9ances :<\/p>\n<ul>\n<li>\u00eatre capable de <strong>reconna\u00eetre<\/strong>, parmi les projets-actions-initiatives-alternatives, quels sont <strong>ceux qui s&rsquo;inscrivent dans l&rsquo;apr\u00e8s capitalisme<\/strong>;<\/li>\n<li><strong>pointer les caract\u00e9ristiques<\/strong> de ces projets-actions-initiatives-alternatives;<\/li>\n<li>rep\u00e9rer <strong>les forces sociales qui les portent<\/strong>;<\/li>\n<li>pointer <strong>ce qui les fait \u00e9chouer<\/strong>;<\/li>\n<li>s&rsquo;interroger sur la <strong>mise en synergie<\/strong> de ces projets-actions-initiatives-alternatives.<\/li>\n<\/ul>\n<h1>En t\u00e9l\u00e9chargement<\/h1>\n<ul>\n<li><a href=\"http:\/\/www.lelag.fr\/site\/wp-content\/uploads\/2014\/08\/SortirDuCapitalisme.pdf\">La pr\u00e9sentation de la formation 2014-2015<br \/>\n<\/a><\/li>\n<li><a href=\"http:\/\/www.lelag.fr\/site\/wp-content\/uploads\/2014\/08\/20141010-GrilleAnalyseAction.pdf\">La proposition de grille d&rsquo;analyse d&rsquo;une action, d&rsquo;un projet, d&rsquo;une initiative &#8230;<\/a><\/li>\n<\/ul>\n<h1 style=\"text-align: left;\" align=\"CENTER\">Pr\u00e9sentation de la formation \u00ab\u00a0 Sortir du capitalisme\u00a0\u00bb<\/h1>\n<p>La formation que nous avons suivie en 2013-2014, <a title=\"Comprendre la crise actuelle du capitalisme\" href=\"http:\/\/www.lelag.fr\/site\/nos-projets\/comprendre-la-crise-actuelle-du-capitalisme\/\">\u00ab\u00a0Comprendre la crise actuelle du capitalisme\u00a0\u00bb<\/a>, nous a donn\u00e9 des bases solides de compr\u00e9hension et d&rsquo;analyse\u00a0:<\/p>\n<ul>\n<li>Le capitalisme est en fin de parcours historique, du fait de ses contradictions internes.<\/li>\n<li>Il surmonte ces contradictions en mettant en oeuvre des \u00ab\u00a0solutions\u00a0\u00bb qui cr\u00e9ent \u00e0 leur tour des difficult\u00e9s encore plus grandes (d\u00e9t\u00e9rioration de la biosph\u00e8re, d\u00e9gradation sociale, destruction des subjectivit\u00e9s, \u2026).<\/li>\n<li>Ce faisant, sa seule perspective, c&rsquo;est de tenter de durer.<\/li>\n<\/ul>\n<p>Quant \u00e0 nous, qui sommes de \u00ab\u00a0l&rsquo;autre c\u00f4t\u00e9\u00a0\u00bb, notre perspective c&rsquo;est de faire advenir un autre monde (des autres mondes), post-capitaliste(s). C&rsquo;est l&rsquo;objet de cette nouvelle formation, que nous proposons en 2014-2015. Nous pourrions y aborder les contenus suivants\u00a0:<\/p>\n<ul>\n<li>Les points d&rsquo;appui (nouveaux) pour la lutte anticapitaliste, depuis ces derni\u00e8res ann\u00e9es.<\/li>\n<li>La lutte anticapitaliste n&rsquo;aurait aucun sens sans l&rsquo;imagination d&rsquo;un monde post-capitaliste possible. Sur quoi s&rsquo;ancre cet imaginaire\u00a0?<\/li>\n<li>Quels diff\u00e9rents sc\u00e9narios pour faire advenir cet autre monde post-capitaliste\u00a0?<\/li>\n<li>La question de la mise en oeuvre d&rsquo;alternatives\u00a0: lib\u00e9rer des espaces, et les rendre visibles.<\/li>\n<\/ul>\n<p>Concernant ce dernier point (les alternatives, les espaces lib\u00e9r\u00e9s), le stage pourrait d\u00e9velopper quelques aspects\u00a0:<\/p>\n<ul>\n<li>Qu&rsquo;est-ce qui d\u00e9finit une alternative, un espace lib\u00e9r\u00e9\u00a0? \u00c0 l&rsquo;oppos\u00e9, quels sont les signes pour d\u00e9tecter une activit\u00e9 qui contient peu de danger pour la p\u00e9rennit\u00e9 du syst\u00e8me en place\u00a0?<\/li>\n<li>Les pi\u00e8ges que peuvent rev\u00eatir les alternatives.<\/li>\n<li>La mise en r\u00e9sonance de tous les espaces lib\u00e9r\u00e9s\u00a0: pourquoi\u00a0? Comment\u00a0?<\/li>\n<\/ul>\n<p>Enfin, cette formation pourrait \u00e9voquer la question des acteurs de la mise en oeuvre des alternatives, des espaces lib\u00e9r\u00e9s\u00a0: quelle partie (cons\u00e9quente) de l&rsquo;humanit\u00e9, pour en finir avec le capitalisme avant qu&rsquo;il en finisse avec nous\u00a0? Quelles alliances\u00a0? Qui agit\u00a0?<br \/>\nCes derni\u00e8res questions recoupent d&rsquo;une certaine mani\u00e8re une question centrale dans l&rsquo;histoire du mouvement ouvrier\u00a0: \u00ab\u00a0qui est le sujet de la r\u00e9volution\u00a0?\u00a0\u00bb. Sans pr\u00e9tendre reprendre \u00e0 nouveaux frais cette ancienne question, la formation proposera des \u00e9l\u00e9ments d&rsquo;appr\u00e9ciation, en appui sur les pratiques individuelles et collectives des participant(e)s.<\/p>\n<p>Au del\u00e0 du d\u00e9roulement pr\u00e9visible de la formation (8 soir\u00e9es de 3 heures), il pourrait \u00eatre int\u00e9ressant d&rsquo;\u00e9tablir des passerelles avec des moments sp\u00e9cifiques de type \u00ab\u00a0conf\u00e9rence-d\u00e9bat\u00a0\u00bb ou \u00ab\u00a0cin\u00e9-d\u00e9bat\u00a0\u00bb, sur des th\u00e9matiques abord\u00e9es durant la formation.<br \/>\nQuelques exemples\u00a0:<\/p>\n<ul>\n<li>Les zapatistes au Chiapas\u00a0: une alternative en actes, une exp\u00e9rience rebelle, un espace lib\u00e9r\u00e9&#8230;<\/li>\n<li>Comment une alternative locale, la Soci\u00e9t\u00e9 des Coop\u00e9rateurs unis, en 1848-1851 \u00e0 Lyon, a pu pr\u00e9figurer une conqu\u00eate sociale telle la s\u00e9cu&#8230;<\/li>\n<li>La commune de Paris, 1871&#8230;<\/li>\n<li>Comment se sont op\u00e9r\u00e9s des changements de syst\u00e8me, par exemple entre le f\u00e9odalisme et le capitalisme, ou entre la soci\u00e9t\u00e9 esclavagiste et le f\u00e9odalisme&#8230;<\/li>\n<li>\u2026 etc&#8230;<\/li>\n<\/ul>\n<p style=\"margin-bottom: 0cm;\"><span style=\"font-family: Bitstream Vera Sans,sans-serif;\"><span style=\"font-size: small;\"><b>Les \u00e9l\u00e9ments propos\u00e9s ci-dessus sont une premi\u00e8re base, pour l&rsquo;\u00e9laboration des contenus de ce stage. Lors de la premi\u00e8re s\u00e9ance, le 6 octobre 2014, \u00e0 18h00, au LAG, l&rsquo;ensemble des participant-es am\u00e8nent leur propre pierre \u00e0 l&rsquo;\u00e9laboration des contenus \u00e0 aborder.<\/b><\/span><\/span><\/p>\n<p style=\"margin-bottom: 0cm;\">Retrouvez sur le <a href=\"http:\/\/paulmasson.atimbli.net\/\">site de Paul Masson<\/a><\/p>\n<h1><a href=\"http:\/\/paulmasson.atimbli.net\/spip.php?article776\"><strong>Synth\u00e8se des id\u00e9es forces <\/strong><\/a> de la formation<\/h1>\n<div class=\"textLayer\">\n<ul>\n<li data-canvas-width=\"698.2399999999997\" data-angle=\"0\" data-font-name=\"g_font_1\"><a href=\"http:\/\/paulmasson.atimbli.net\/IMG\/pdf\/lag_crb.pdf\">Les 6 initiatives alternatives que nous avons analys\u00e9es, nous ont permis de rep\u00e9rer<\/a><\/li>\n<li data-canvas-width=\"698.2399999999997\" data-angle=\"0\" data-font-name=\"g_font_1\">\n<div class=\"textLayer\">\n<div data-canvas-width=\"222.02\" data-angle=\"0\" data-font-name=\"g_font_1\"><a href=\"http:\/\/paulmasson.atimbli.net\/IMG\/pdf\/lag_cr_a.pdf\">Contradictions \u00e0 d\u00e9passer<\/a><\/div>\n<\/div>\n<\/li>\n<\/ul>\n<\/div>\n<p>&nbsp;<\/p>\n","protected":false},"excerpt":{"rendered":"<p>Il s\u2019agit d\u2019une formation, organis\u00e9e au LAG en 2014-2015. Les dates retenues Toutes les s\u00e9ances se d\u00e9roulent le lundi, une fois par mois, au LAG, de 18h00 (pr\u00e9cises : nous d\u00e9marrons \u00e0 l&rsquo;heure) jusque 21h00. Elles sont suivies, pour celles &hellip; <a href=\"https:\/\/www.lelag.fr\/site\/nos-projets\/formations-lag\/sortir-du-capitalisme\/\">Continuer la lecture <span class=\"meta-nav\">&rarr;<\/span><\/a><\/p>\n","protected":false},"author":1,"featured_media":0,"parent":2221,"menu_order":20,"comment_status":"closed","ping_status":"closed","template":"","meta":{"footnotes":""},"class_list":["post-2219","page","type-page","status-publish","hentry"],"_links":{"self":[{"href":"https:\/\/www.lelag.fr\/site\/wp-json\/wp\/v2\/pages\/2219","targetHints":{"allow":["GET"]}}],"collection":[{"href":"https:\/\/www.lelag.fr\/site\/wp-json\/wp\/v2\/pages"}],"about":[{"href":"https:\/\/www.lelag.fr\/site\/wp-json\/wp\/v2\/types\/page"}],"author":[{"embeddable":true,"href":"https:\/\/www.lelag.fr\/site\/wp-json\/wp\/v2\/users\/1"}],"replies":[{"embeddable":true,"href":"https:\/\/www.lelag.fr\/site\/wp-json\/wp\/v2\/comments?post=2219"}],"version-history":[{"count":20,"href":"https:\/\/www.lelag.fr\/site\/wp-json\/wp\/v2\/pages\/2219\/revisions"}],"predecessor-version":[{"id":2912,"href":"https:\/\/www.lelag.fr\/site\/wp-json\/wp\/v2\/pages\/2219\/revisions\/2912"}],"up":[{"embeddable":true,"href":"https:\/\/www.lelag.fr\/site\/wp-json\/wp\/v2\/pages\/2221"}],"wp:attachment":[{"href":"https:\/\/www.lelag.fr\/site\/wp-json\/wp\/v2\/media?parent=2219"}],"curies":[{"name":"wp","href":"https:\/\/api.w.org\/{rel}","templated":true}]}}