{"id":209,"date":"2012-07-30T06:52:22","date_gmt":"2012-07-30T05:52:22","guid":{"rendered":"http:\/\/lag.bassinminier62.org\/site\/?page_id=209"},"modified":"2016-06-13T19:25:38","modified_gmt":"2016-06-13T17:25:38","slug":"on-en-parle","status":"publish","type":"page","link":"https:\/\/www.lelag.fr\/site\/le-lag\/on-en-parle\/","title":{"rendered":"Le LAG : on en parle"},"content":{"rendered":"<h1>Radio Libertaire, le 29 janvier 2014<\/h1>\n<p>\u00c0 l&rsquo;occasion du <a title=\"11 janvier 2014 : un an d\u00e9j\u00e0 !\" href=\"http:\/\/www.lelag.fr\/site\/11-janvier-2014-un-an-deja\/\">1er anniversaire du LAG, le 11 janvier 2014<\/a>, Radio Libertaire a r\u00e9alis\u00e9 une \u00e9mission, dans le cadre de sa programmation <strong>Jus d&rsquo;airelle<\/strong>. On peut y entendre diff\u00e9rent-es copains et copines du LAG relater comment ils-elles ont v\u00e9cu cette premi\u00e8re ann\u00e9e, pleine d&rsquo;aventures et de rencontres.<\/p>\n<p>\u00c0 \u00e9couter :<\/p>\n<ul>\n<li><a title=\"Jus d'Airelle 29 janvier 2014 - Radio Libertaire\" href=\"http:\/\/media.radio-libertaire.org\/backup\/05\/mercredi\/mercredi_1700\/mercredi_1700.mp3\">L&rsquo;\u00e9mission Jus d&rsquo;Airelle du 29 janvier, en entier (1h30) sur le site de Radio Libertaire<\/a>.<\/li>\n<li>Les extraits pris au LAG, \u00e0 l&rsquo;occasion du 1er anniversaire :<\/li>\n<\/ul>\n<audio class=\"wp-audio-shortcode\" id=\"audio-209-1\" preload=\"none\" style=\"width: 100%;\" controls=\"controls\"><source type=\"audio\/mpeg\" src=\"http:\/\/www.lelag.fr\/site\/wp-content\/uploads\/2014\/02\/mercredi_1700-final.mp3?_=1\" \/><a href=\"http:\/\/www.lelag.fr\/site\/wp-content\/uploads\/2014\/02\/mercredi_1700-final.mp3\">http:\/\/www.lelag.fr\/site\/wp-content\/uploads\/2014\/02\/mercredi_1700-final.mp3<\/a><\/audio>\n<h1>Radio PFM, le 15 janvier 2013<\/h1>\n<p>Radio PFM, la radio associative, libre et sans pub, nous a rendu une petite visite, \u00e0 l&rsquo;occasion de notre permanence du jeudi 10 janvier 2013.<\/p>\n<p>Ce sont Beno\u00eet, Charlotte, Marie-Christine et Pierre qui ont saisi le micro que leur tendait l&rsquo;ami Nico.<\/p>\n<p>Durant l&rsquo;\u00e9mission, ils nous parlent, en vrac : Bobines rebelles, cantine autog\u00e9r\u00e9e, docu-femmes, inauguration, accueil des voisins, autogestion, subventions et moyens financiers, travaux, &#8230;.<\/p>\n<ul>\n<li><a title=\"Radio PFM le 15 janvier 2013\" href=\"http:\/\/www.radiopfm.com\/reportages-chroniques\/reportages-entretiens\/les-autres-reportages\/article\/lag-un-lieu-auto-gere-a-lievin\">L&rsquo;article sur le site de Radio PFM<\/a><\/li>\n<li><a href=\"http:\/\/lelag.fr\/lag\/20130115-LAG-RadioPFM.mp3\">L&rsquo;enregistrement de l&rsquo;\u00e9mission le 15 janvier 2013<\/a><\/li>\n<\/ul>\n<h1><\/h1>\n<h1>La Voix du Nord, le 11 novembre 2012<\/h1>\n<p>Anne-Lise Teneul a publi\u00e9 un article sur le LAG, dans l&rsquo;\u00e9dition du 11 novembre 2012. Nous le reproduisons ci-dessous.<\/p>\n<h2>Le LAG, nouveau lieu de vie, de culture et de d\u00e9bats pour la lutte anticapitaliste<\/h2>\n<p><strong>C&rsquo;est un nouveau venu dans le paysage li\u00e9vinois. Le LAG, ou Lieu autog\u00e9r\u00e9, a \u00e9t\u00e9 fond\u00e9 par des militants, des associatifs de diff\u00e9rents horizons, mais qui tous se revendiquent des mouvements anticapitalistes et antifascistes. Un lieu de vie, de culture, d&rsquo;\u00e9changes, de d\u00e9bats. Pour toutes celles et ceux qui portent en eux l&rsquo;espoir, pas si fou, de changer le monde.<\/strong><\/p>\n<div id=\"attachment_613\" style=\"width: 295px\" class=\"wp-caption aligncenter\"><a href=\"http:\/\/www.lelag.fr\/site\/wp-content\/uploads\/2012\/07\/20121111-le-lag-nouveau-lieu-de-vie-de-culture.jpg\"><img loading=\"lazy\" decoding=\"async\" aria-describedby=\"caption-attachment-613\" class=\"size-full wp-image-613\" src=\"http:\/\/www.lelag.fr\/site\/wp-content\/uploads\/2012\/07\/20121111-le-lag-nouveau-lieu-de-vie-de-culture.jpg\" alt=\"Charlotte et Marie-Christine font partie de la trentaine d'adh\u00e9rents que compte d\u00e9j\u00e0 le LAG.\" width=\"285\" height=\"217\" \/><\/a><p id=\"caption-attachment-613\" class=\"wp-caption-text\">Photo Delphine Pineau &#8211; La Voix du Nord. Charlotte et Marie-Christine font partie de la trentaine d&rsquo;adh\u00e9rents que compte d\u00e9j\u00e0 le LAG.<\/p><\/div>\n<p>\u00ab Conduisez-moi \u00e0 votre chef. \u00bb Ah, la bonne blague&#8230; S&rsquo;il y a une phrase \u00e0 ne pas prononcer quand on pousse la porte du LAG, c&rsquo;est bien celle-l\u00e0. Ici, pas de chef. Pas de hi\u00e9rarchie pyramidale. Au LAG, on pratique l&rsquo;autogestion. Un syst\u00e8me qui donne de l&rsquo;urticaire aux grands patrons du CAC 40. Fond\u00e9e sur le m\u00eame principe que les coop\u00e9ratives, l&rsquo;autogestion permet de se passer des dirigeants. Que ce soit pour les affaires politiques ou \u00e9conomiques, on d\u00e9cide tous ensemble, collectivement.<\/p>\n<p>\u00ab L&rsquo;id\u00e9e de cr\u00e9er un lieu autog\u00e9r\u00e9, ici \u00e0 Li\u00e9vin, est n\u00e9e il y a deux ans, lors du Printemps de Politis, explique Charlotte.<\/p>\n<p>On \u00e9tait plusieurs \u00e0 trouver que c&rsquo;\u00e9tait difficile de trouver une salle pour se r\u00e9unir. On a commenc\u00e9 \u00e0 envoyer des mails dans tout le r\u00e9seau. \u00c0 se demander comment on pouvait s&rsquo;organiser. \u00bb La petite \u00e9quipe finit par trouver un local \u00e0 louer situ\u00e9 au n\u00b023, avenue Jean-Jaur\u00e8s. \u00ab\u00a0 Depuis, on retape les lieux petit \u00e0 petit. En ce moment, on finit d&rsquo;am\u00e9nager la cuisine et le coin bar. On est aussi en train de constituer notre biblioth\u00e8que \u00bb, d\u00e9taille Charlotte. L&rsquo;\u00e9tage a \u00e9t\u00e9 investi par le CLISS 21 (1), lui aussi associ\u00e9 au projet. Et c\u00f4t\u00e9 finances, comment \u00e7a se passe ? \u00ab Pour payer les loyers, chacun apporte une contribution, de 15 \u00e0 60 euros \u00bb, explique Marie-Christine.<\/p>\n<p>Le LAG a \u00e9t\u00e9 officiellement inaugur\u00e9 le 20 octobre. L&rsquo;occasion d&rsquo;une belle et joyeuse f\u00eate, ponctu\u00e9e de prises de paroles, d&rsquo;un concert du Duo des Falaises&#8230; D\u00e9sormais, le local ouvre ses portes chaque jeudi, \u00e0 partir de 18 h. \u00ab Le LAG est ouvert \u00e0 tous. On veut proposer des \u00e9v\u00e9nements culturels, des cin\u00e9-d\u00e9bats, des concerts&#8230; \u00bb, dit Charlotte. \u00ab Il y aura aussi certainement des ateliers d&rsquo;\u00e9criture, des \u00e9changes sur la lecture \u00bb, encha\u00eene Marie-Christine. Une fois par mois, le vendredi, la chorale de Politis vient animer les lieux. Vous pouvez \u00e9galement compter sur les pr\u00eats de livres, gratuits. Non, vous ne trouverez pas ici le dernier bouquin de Nadine de Rothschild. Mais des ouvrages passionnants sur la Commune de Paris, le f\u00e9minisme, les luttes sociales&#8230; Autre action int\u00e9ressante : la cantine autog\u00e9r\u00e9e, propos\u00e9e une fois par mois. \u00ab Le principe, c&rsquo;est que chacun ram\u00e8ne les produits de son jardin pour pr\u00e9parer le repas \u00bb, dit Charlotte. Le LAG propose aussi aux syndicats, aux associations, de disposer de ses locaux \u00ab en \u00e9change d&rsquo;une petite somme \u00bb.<\/p>\n<p>Tout ceci est encore bien neuf ; l&rsquo;aventure ne fait que commencer. Mais l&rsquo;\u00e9quipe a d\u00e9j\u00e0 programm\u00e9 quelques beaux rendez-vous. Mardi 13 novembre, une soir\u00e9e cin\u00e9-d\u00e9bat est pr\u00e9vue \u00e0 l&rsquo;occasion des dix ans du camp de Sangatte. \u00ab Le 7 d\u00e9cembre, on organise un cin\u00e9-d\u00e9bat sur l&rsquo;ouverture du Louvre-Lens. Et le 23 d\u00e9cembre, on pr\u00e9voit un apr\u00e8s-midi de d\u00e9bats avec la F\u00e9d\u00e9 anarchiste, suivi d&rsquo;un concert punk. \u00bb<\/p>\n<p><em>LAG, Lieu autog\u00e9r\u00e9, 23 rue Jean-Jaur\u00e8s \u00e0 Li\u00e9vin. Ouvert tous les jeudis de 18 h \u00e0 20 h. Mail : contact@lelag.fr<\/em><\/p>\n<p>(1) Le CLISS 21 est une soci\u00e9t\u00e9 coop\u00e9rative d&rsquo;int\u00e9r\u00eat collectif qui promeut une informatique de meilleure qualit\u00e9, moins ch\u00e8re, accessible \u00e0 tous.<\/p>\n<p>La Voix du Nord<\/p>\n<p>Anne-Lise Teneul lens @ info-artois.fr<\/p>\n<h1>Wiki citoyen de Li\u00e9vin<\/h1>\n<ul>\n<li><a title=\"Sur le Wiki- citoyen de Li\u00e9vin\" href=\"http:\/\/lievin.wiki-citoyen.fr\/index.php?title=Le_lieu_autog%C3%A9r%C3%A9_ou_LAG\">Une info \u00e0 lire sur le site du wiki-citoyen<\/a><\/li>\n<\/ul>\n<h1>Radio Libertaire, le 25 juillet 2012<\/h1>\n<p>Le premier jour de notre arriv\u00e9e au LAG, nous avons eu un \u00e9change avec Radio Libertaire, dans le cadre de l&rsquo;\u00e9mission \u00ab\u00a0Jus d&rsquo;airelle\u00a0\u00bb, diffus\u00e9e le mercredi 25 juillet 2012. C&rsquo;est \u00e0 \u00e9couter ici (dur\u00e9e des \u00e9changes : 45&prime;) :<\/p>\n<ul>\n<li><a href=\"http:\/\/lelag.fr\/lag\/20120725-LAG-RadioLibertaire.mp3\">Radio Libertaire le 25 juillet 2012<\/a><\/li>\n<\/ul>\n<p>&nbsp;<\/p>\n<p>&nbsp;<\/p>\n","protected":false},"excerpt":{"rendered":"<p>Radio Libertaire, le 29 janvier 2014 \u00c0 l&rsquo;occasion du 1er anniversaire du LAG, le 11 janvier 2014, Radio Libertaire a r\u00e9alis\u00e9 une \u00e9mission, dans le cadre de sa programmation Jus d&rsquo;airelle. On peut y entendre diff\u00e9rent-es copains et copines du &hellip; <a href=\"https:\/\/www.lelag.fr\/site\/le-lag\/on-en-parle\/\">Continuer la lecture <span class=\"meta-nav\">&rarr;<\/span><\/a><\/p>\n","protected":false},"author":1,"featured_media":0,"parent":206,"menu_order":30,"comment_status":"closed","ping_status":"open","template":"","meta":{"footnotes":""},"class_list":["post-209","page","type-page","status-publish","hentry"],"_links":{"self":[{"href":"https:\/\/www.lelag.fr\/site\/wp-json\/wp\/v2\/pages\/209","targetHints":{"allow":["GET"]}}],"collection":[{"href":"https:\/\/www.lelag.fr\/site\/wp-json\/wp\/v2\/pages"}],"about":[{"href":"https:\/\/www.lelag.fr\/site\/wp-json\/wp\/v2\/types\/page"}],"author":[{"embeddable":true,"href":"https:\/\/www.lelag.fr\/site\/wp-json\/wp\/v2\/users\/1"}],"replies":[{"embeddable":true,"href":"https:\/\/www.lelag.fr\/site\/wp-json\/wp\/v2\/comments?post=209"}],"version-history":[{"count":27,"href":"https:\/\/www.lelag.fr\/site\/wp-json\/wp\/v2\/pages\/209\/revisions"}],"predecessor-version":[{"id":3424,"href":"https:\/\/www.lelag.fr\/site\/wp-json\/wp\/v2\/pages\/209\/revisions\/3424"}],"up":[{"embeddable":true,"href":"https:\/\/www.lelag.fr\/site\/wp-json\/wp\/v2\/pages\/206"}],"wp:attachment":[{"href":"https:\/\/www.lelag.fr\/site\/wp-json\/wp\/v2\/media?parent=209"}],"curies":[{"name":"wp","href":"https:\/\/api.w.org\/{rel}","templated":true}]}}