{"id":190,"date":"2012-07-24T06:45:55","date_gmt":"2012-07-24T05:45:55","guid":{"rendered":"http:\/\/lag.bassinminier62.org\/site\/?page_id=190"},"modified":"2012-07-24T06:58:55","modified_gmt":"2012-07-24T05:58:55","slug":"actualites","status":"publish","type":"page","link":"https:\/\/www.lelag.fr\/site\/lautogestion\/actualites\/","title":{"rendered":"Actualit\u00e9s"},"content":{"rendered":"<h1>\u00c9t\u00e9 2012 : Fralib<\/h1>\n<p>Fralib, c&rsquo;est une usine du groupe Unilever, \u00e0 G\u00e9menos (Bouches du Rh\u00f4ne). Les salari\u00e9-es produisent le Th\u00e9 \u00c9l\u00e9phant. Depuis plus de 600 jours, ils-elles sont en lutte, pour emp\u00eacher la fermeture de leur entreprise, et ont propos\u00e9 \u00e0 la direction un projet alternatif au d\u00e9mant\u00e8lement du site. Jusqu&rsquo;\u00e0 pr\u00e9sent, <strong>la direction d&rsquo;Unilever se refuse \u00e0 discuter des sc\u00e9narios de reprise par les salari\u00e9s.<\/strong> Le minist\u00e8re du redressement productif a obtenu que Unilever participe \u00e0 la table ronde demand\u00e9e par les salari\u00e9s.<\/p>\n<p>La proposition alternative des Fralib consiste \u00e0 r\u00e9cup\u00e9rer la marque \u00c9l\u00e9phant et, au bout de 6 ans de sous-traitance pour Unilever, de <strong>se voir c\u00e9der le site de G\u00e9menos<\/strong>. Les 6 ans demand\u00e9s permettent de r\u00e9orienter la production vers des circuits alimentaires de proximit\u00e9.<\/p>\n<p>La direction refuse l&rsquo;accompagnement \u00e0 la reprise : <strong>ce serait donner raison aux travailleurs-ses !\u00a0 <\/strong><\/p>\n<p>On peut voir, \u00e0 titre d&rsquo;exemple sur la capture ci-dessous (cliquez sur l&rsquo;image, pour agrandissement), la page d&rsquo;accueil du site fralib.fr. Elle est assez \u00e9loquente :<\/p>\n<ul>\n<li>Pourquoi le projet de reprise du comit\u00e9 d&rsquo;entreprise n&rsquo;est pas viable<\/li>\n<li>Le projet des syndicats est une impasse<\/li>\n<li>&#8230;<\/li>\n<\/ul>\n<div id=\"attachment_197\" style=\"width: 310px\" class=\"wp-caption aligncenter\"><a href=\"http:\/\/lag.bassinminier62.org\/site\/wp-content\/uploads\/2012\/07\/20120724-SiteFralibFR.png\"><img loading=\"lazy\" decoding=\"async\" aria-describedby=\"caption-attachment-197\" class=\"size-medium wp-image-197\" title=\"20120724-SiteFralibFR\" src=\"http:\/\/lag.bassinminier62.org\/site\/wp-content\/uploads\/2012\/07\/20120724-SiteFralibFR-300x233.png\" alt=\"Le site Falib.fr, \u00e9t\u00e9 2012\" width=\"300\" height=\"233\" srcset=\"https:\/\/www.lelag.fr\/site\/wp-content\/uploads\/2012\/07\/20120724-SiteFralibFR-300x233.png 300w, https:\/\/www.lelag.fr\/site\/wp-content\/uploads\/2012\/07\/20120724-SiteFralibFR.png 965w\" sizes=\"auto, (max-width: 300px) 100vw, 300px\" \/><\/a><p id=\"caption-attachment-197\" class=\"wp-caption-text\">Le site Falib.fr, \u00e9t\u00e9 2012<\/p><\/div>\n<p>&nbsp;<\/p>\n","protected":false},"excerpt":{"rendered":"<p>\u00c9t\u00e9 2012 : Fralib Fralib, c&rsquo;est une usine du groupe Unilever, \u00e0 G\u00e9menos (Bouches du Rh\u00f4ne). Les salari\u00e9-es produisent le Th\u00e9 \u00c9l\u00e9phant. Depuis plus de 600 jours, ils-elles sont en lutte, pour emp\u00eacher la fermeture de leur entreprise, et ont &hellip; <a href=\"https:\/\/www.lelag.fr\/site\/lautogestion\/actualites\/\">Continuer la lecture <span class=\"meta-nav\">&rarr;<\/span><\/a><\/p>\n","protected":false},"author":1,"featured_media":0,"parent":105,"menu_order":30,"comment_status":"closed","ping_status":"open","template":"","meta":{"footnotes":""},"class_list":["post-190","page","type-page","status-publish","hentry"],"_links":{"self":[{"href":"https:\/\/www.lelag.fr\/site\/wp-json\/wp\/v2\/pages\/190","targetHints":{"allow":["GET"]}}],"collection":[{"href":"https:\/\/www.lelag.fr\/site\/wp-json\/wp\/v2\/pages"}],"about":[{"href":"https:\/\/www.lelag.fr\/site\/wp-json\/wp\/v2\/types\/page"}],"author":[{"embeddable":true,"href":"https:\/\/www.lelag.fr\/site\/wp-json\/wp\/v2\/users\/1"}],"replies":[{"embeddable":true,"href":"https:\/\/www.lelag.fr\/site\/wp-json\/wp\/v2\/comments?post=190"}],"version-history":[{"count":4,"href":"https:\/\/www.lelag.fr\/site\/wp-json\/wp\/v2\/pages\/190\/revisions"}],"predecessor-version":[{"id":199,"href":"https:\/\/www.lelag.fr\/site\/wp-json\/wp\/v2\/pages\/190\/revisions\/199"}],"up":[{"embeddable":true,"href":"https:\/\/www.lelag.fr\/site\/wp-json\/wp\/v2\/pages\/105"}],"wp:attachment":[{"href":"https:\/\/www.lelag.fr\/site\/wp-json\/wp\/v2\/media?parent=190"}],"curies":[{"name":"wp","href":"https:\/\/api.w.org\/{rel}","templated":true}]}}