{"id":1452,"date":"2013-09-09T21:53:22","date_gmt":"2013-09-09T19:53:22","guid":{"rendered":"http:\/\/lag.bassinminier62.org\/site\/?page_id=1452"},"modified":"2015-07-08T10:56:52","modified_gmt":"2015-07-08T08:56:52","slug":"comprendre-la-crise-actuelle-du-capitalisme","status":"publish","type":"page","link":"https:\/\/www.lelag.fr\/site\/nos-projets\/formations-lag\/comprendre-la-crise-actuelle-du-capitalisme\/","title":{"rendered":"Comprendre la crise actuelle du capitalisme"},"content":{"rendered":"<p>Il s&rsquo;agit d&rsquo;une formation, ouverte \u00e0 toutes-tous, organis\u00e9e au LAG en 2013-2014. <strong>P<\/strong><b>remi\u00e8re s\u00e9ance le <\/b><b>lundi 21 octobre 2013, au LAG, de 18h00 \u00e0 21h00.<br \/>\n<\/b><\/p>\n<p>Cette formation est gratuite. Pour vous y inscrire, <a title=\"Contact et plan d\u2019acc\u00e8s\" href=\"http:\/\/lag.bassinminier62.org\/site\/le-lag\/contact-et-plan-dacces\/\">contactez-nous.<\/a><\/p>\n<p><a href=\"http:\/\/lag.bassinminier62.org\/site\/wp-content\/uploads\/2013\/09\/ComprendreLaCriseDuCapitalisme.pdf\">La pr\u00e9sentation ci dessous est disponible en t\u00e9l\u00e9chargement.<\/a><\/p>\n<h1 align=\"CENTER\">Formation \u00ab\u00a0 Comprendre la crise actuelle du capitalisme\u00a0\u00bb<\/h1>\n<p align=\"JUSTIFY\">Des usines licencient, d&rsquo;autres se d\u00e9localisent, ferment \u2026<\/p>\n<p align=\"JUSTIFY\">Le ch\u00f4mage de masse exclut une partie de la population, la privant des revenus n\u00e9cessaires pour vivre pendant que les conditions de travail, de celles et ceux qui en ont, sont de plus en plus stressantes.<\/p>\n<p align=\"JUSTIFY\">Les \u00e9carts de revenus entre les plus riches et les plus pauvres augmentent en France et dans le monde.<\/p>\n<p align=\"JUSTIFY\">Depuis 30 ans, quels que soient les gouvernements et les politiques suivies, cette situation persiste&#8230; Le syst\u00e8me semble \u00e0 bout de souffle.<\/p>\n<p align=\"JUSTIFY\">Face \u00e0 cette crise majeure du capitalisme, comme dans les ann\u00e9es 30, les forces mues par la barbarie et le fascisme rodent. D&rsquo;autres luttent pour limiter les d\u00e9g\u00e2ts provoqu\u00e9s par cette crise, d&rsquo;autres enfin, multiples et encore \u00e0 petite \u00e9chelle, exp\u00e9rimentent des alternatives.<\/p>\n<h2>Objectifs<\/h2>\n<p align=\"JUSTIFY\">A la fin de la formation, les participant-es seront capables<\/p>\n<ul>\n<li>\n<p align=\"JUSTIFY\">de comprendre la logique et les contradictions du capitalisme qui sont au c\u0153ur de la situation actuelle ( crises successives )<\/p>\n<\/li>\n<li>\n<p align=\"JUSTIFY\">d&rsquo;identifier, dans la diversit\u00e9 des alternatives, les futurs d\u00e9j\u00e0 pr\u00e9sents, qui rendent plausibles un changement de soci\u00e9t\u00e9.<\/p>\n<\/li>\n<\/ul>\n<p align=\"CENTER\"><b><i>Cette formation est accessible \u00e0 toutes-tous,<\/i><\/b><\/p>\n<p align=\"CENTER\"><i><b>elle ne n\u00e9cessite aucune connaissance pr\u00e9alable en \u00e9conomie<\/b><\/i><\/p>\n<h2>Contenu<\/h2>\n<ul>\n<li>\n<p align=\"JUSTIFY\">Comment se cr\u00e9e la valeur dans les entreprises et qu&rsquo;est-ce qui conduit \u00e0 licencier\u00a0?<\/p>\n<\/li>\n<li>\n<p align=\"JUSTIFY\">Comment est redistribu\u00e9e la valeur produite par le travail\u00a0? Nous l&rsquo;aborderons concr\u00e8tement \u00e0 travers les sujets d&rsquo;actualit\u00e9 comme\u00a0: le pouvoir d&rsquo;achat, les retraites, les contrats aid\u00e9s&#8230;.<\/p>\n<\/li>\n<\/ul>\n<ul>\n<li>\n<p align=\"JUSTIFY\">La concurrence capitaliste\u00a0: ses cons\u00e9quences sur l&#8217;emploi, la protection sociale, les d\u00e9g\u00e2ts \u00e9cologiques<\/p>\n<\/li>\n<li>\n<p align=\"JUSTIFY\">la cr\u00e9ation mon\u00e9taire et la sp\u00e9culation<\/p>\n<\/li>\n<li>\n<p align=\"JUSTIFY\">la place et les limites des exp\u00e9rimentations alternatives<\/p>\n<\/li>\n<\/ul>\n<h2>Public<\/h2>\n<p align=\"JUSTIFY\">Cette formation s&rsquo;adresse aux syndicalistes, aux militant-es associatives-associatifs et \u00e0 toutes-tous les citoyen-nes soucieuses-soucieux de comprendre le monde dans lequel elles-ils vivent pour ne pas le subir.<\/p>\n<h2><b>M\u00e9thode active <\/b><b>avec<\/b><\/h2>\n<ul>\n<li>\n<p align=\"JUSTIFY\">apports m\u00e9thodologiques par les animateurs de la formation (ils proposeront des m\u00e9thodes pour permettre aux participant-es \u00e0 chercher ensemble, \u00e0 \u00e9laborer une pens\u00e9e personnelle)<\/p>\n<\/li>\n<li>\n<p align=\"JUSTIFY\">travail en sous-groupe<\/p>\n<\/li>\n<li>\n<p align=\"JUSTIFY\">apports th\u00e9oriques<\/p>\n<\/li>\n<li>\n<p align=\"JUSTIFY\">\u00e9changes-d\u00e9bats<\/p>\n<\/li>\n<\/ul>\n<h2>Dur\u00e9e, forme et calendrier<\/h2>\n<ul>\n<li>\n<p align=\"JUSTIFY\">24 heures en 8 s\u00e9ances de 3 heures<\/p>\n<\/li>\n<li>\n<p align=\"JUSTIFY\">\u00e0 raison de 1 s\u00e9ance par mois (en soir\u00e9e ou le samedi matin) entre octobre 2013 et juin 2014<\/p>\n<\/li>\n<li>\n<p align=\"JUSTIFY\">le calendrier sera d\u00e9fini avec les participant-es lors de la<b> premi\u00e8re s\u00e9ance le <\/b><b>lundi 21 octobre 2013, au LAG<\/b><\/p>\n<\/li>\n<\/ul>\n<h2>Animateurs de la formation<\/h2>\n<ul>\n<li>\n<p align=\"JUSTIFY\">Paul Masson est militant d&rsquo;\u00e9ducation populaire depuis 40 ans, formateur d&rsquo;adultes, il anime depuis une quinzaine d&rsquo;ann\u00e9es des formations \u00ab\u00a0Comprendre la soci\u00e9t\u00e9 pour agir\u00a0\u00bb<\/p>\n<\/li>\n<li>\n<p align=\"LEFT\">Lucien Petit<\/p>\n<\/li>\n<\/ul>\n<p>Retrouvez sur le <a href=\"http:\/\/paulmasson.atimbli.net\/\">site de Paul Masson<\/a><\/p>\n<ul>\n<li><strong><a href=\"http:\/\/paulmasson.atimbli.net\/spip.php?article705\">Ce que nous avons \u00e9tudi\u00e9<\/a><\/strong><\/li>\n<\/ul>\n","protected":false},"excerpt":{"rendered":"<p>Il s&rsquo;agit d&rsquo;une formation, ouverte \u00e0 toutes-tous, organis\u00e9e au LAG en 2013-2014. Premi\u00e8re s\u00e9ance le lundi 21 octobre 2013, au LAG, de 18h00 \u00e0 21h00. Cette formation est gratuite. Pour vous y inscrire, contactez-nous. La pr\u00e9sentation ci dessous est disponible &hellip; <a href=\"https:\/\/www.lelag.fr\/site\/nos-projets\/formations-lag\/comprendre-la-crise-actuelle-du-capitalisme\/\">Continuer la lecture <span class=\"meta-nav\">&rarr;<\/span><\/a><\/p>\n","protected":false},"author":1,"featured_media":0,"parent":2221,"menu_order":30,"comment_status":"closed","ping_status":"closed","template":"","meta":{"footnotes":""},"class_list":["post-1452","page","type-page","status-publish","hentry"],"_links":{"self":[{"href":"https:\/\/www.lelag.fr\/site\/wp-json\/wp\/v2\/pages\/1452","targetHints":{"allow":["GET"]}}],"collection":[{"href":"https:\/\/www.lelag.fr\/site\/wp-json\/wp\/v2\/pages"}],"about":[{"href":"https:\/\/www.lelag.fr\/site\/wp-json\/wp\/v2\/types\/page"}],"author":[{"embeddable":true,"href":"https:\/\/www.lelag.fr\/site\/wp-json\/wp\/v2\/users\/1"}],"replies":[{"embeddable":true,"href":"https:\/\/www.lelag.fr\/site\/wp-json\/wp\/v2\/comments?post=1452"}],"version-history":[{"count":10,"href":"https:\/\/www.lelag.fr\/site\/wp-json\/wp\/v2\/pages\/1452\/revisions"}],"predecessor-version":[{"id":2913,"href":"https:\/\/www.lelag.fr\/site\/wp-json\/wp\/v2\/pages\/1452\/revisions\/2913"}],"up":[{"embeddable":true,"href":"https:\/\/www.lelag.fr\/site\/wp-json\/wp\/v2\/pages\/2221"}],"wp:attachment":[{"href":"https:\/\/www.lelag.fr\/site\/wp-json\/wp\/v2\/media?parent=1452"}],"curies":[{"name":"wp","href":"https:\/\/api.w.org\/{rel}","templated":true}]}}