{"id":131,"date":"2012-07-20T00:00:50","date_gmt":"2012-07-19T23:00:50","guid":{"rendered":"http:\/\/lag.bassinminier62.org\/site\/?page_id=131"},"modified":"2022-04-11T09:49:20","modified_gmt":"2022-04-11T07:49:20","slug":"concerts","status":"publish","type":"page","link":"https:\/\/www.lelag.fr\/site\/concerts\/","title":{"rendered":"Concerts"},"content":{"rendered":"<div style=\"width: 640px;\" class=\"wp-video\"><video class=\"wp-video-shortcode\" id=\"video-131-1\" width=\"640\" height=\"360\" preload=\"metadata\" controls=\"controls\"><source type=\"video\/mp4\" src=\"https:\/\/www.lelag.fr\/site\/wp-content\/uploads\/2021\/11\/20210925_200547.mp4?_=1\" \/><a href=\"https:\/\/www.lelag.fr\/site\/wp-content\/uploads\/2021\/11\/20210925_200547.mp4\">https:\/\/www.lelag.fr\/site\/wp-content\/uploads\/2021\/11\/20210925_200547.mp4<\/a><\/video><\/div>\n<p>De nombreux concerts se sont d\u00e9j\u00e0 d\u00e9roul\u00e9s au LAG.<\/p>\n<p>Chaque moi, un concert diff\u00e9rent, un style diff\u00e9rent&#8230;<\/p>\n<p>Le principe, comme pour chaque \u00e9v\u00e9nement au LAG, est le prix libre. cette somme est revers\u00e9e au groupe pour ses frais.<\/p>\n<p>Si vous \u00eates int\u00e9ress\u00e9s pour ve<a href=\"https:\/\/www.lelag.fr\/site\/wp-content\/uploads\/2021\/11\/IMG_20170401_223706-scaled.jpg\"><img loading=\"lazy\" decoding=\"async\" class=\"size-medium wp-image-6044 alignleft\" src=\"https:\/\/www.lelag.fr\/site\/wp-content\/uploads\/2021\/11\/IMG_20170401_223706-300x169.jpg\" alt=\"\" width=\"300\" height=\"169\" srcset=\"https:\/\/www.lelag.fr\/site\/wp-content\/uploads\/2021\/11\/IMG_20170401_223706-300x169.jpg 300w, https:\/\/www.lelag.fr\/site\/wp-content\/uploads\/2021\/11\/IMG_20170401_223706-1024x576.jpg 1024w, https:\/\/www.lelag.fr\/site\/wp-content\/uploads\/2021\/11\/IMG_20170401_223706-768x432.jpg 768w, https:\/\/www.lelag.fr\/site\/wp-content\/uploads\/2021\/11\/IMG_20170401_223706-1536x864.jpg 1536w, https:\/\/www.lelag.fr\/site\/wp-content\/uploads\/2021\/11\/IMG_20170401_223706-2048x1152.jpg 2048w\" sizes=\"auto, (max-width: 300px) 100vw, 300px\" \/><\/a>nir jouer, n&rsquo;h\u00e9sitez pas \u00e0 nous contacter \u00e0 : groupe.concerts@lelag.fr<\/p>\n<p>Vous voulez joindre le groupe qui programme et organise les concerts? Ce groupe est ouvert\u2026 Nous vous y attendons \u00e0 la m\u00eame adresse!<a href=\"https:\/\/www.lelag.fr\/site\/wp-content\/uploads\/2021\/11\/IMG_20170217_204530-scaled.jpg\"><img loading=\"lazy\" decoding=\"async\" class=\"size-medium wp-image-6043 alignright\" src=\"https:\/\/www.lelag.fr\/site\/wp-content\/uploads\/2021\/11\/IMG_20170217_204530-300x169.jpg\" alt=\"\" width=\"300\" height=\"169\" srcset=\"https:\/\/www.lelag.fr\/site\/wp-content\/uploads\/2021\/11\/IMG_20170217_204530-300x169.jpg 300w, https:\/\/www.lelag.fr\/site\/wp-content\/uploads\/2021\/11\/IMG_20170217_204530-1024x576.jpg 1024w, https:\/\/www.lelag.fr\/site\/wp-content\/uploads\/2021\/11\/IMG_20170217_204530-768x432.jpg 768w, https:\/\/www.lelag.fr\/site\/wp-content\/uploads\/2021\/11\/IMG_20170217_204530-1536x864.jpg 1536w, https:\/\/www.lelag.fr\/site\/wp-content\/uploads\/2021\/11\/IMG_20170217_204530-2048x1152.jpg 2048w\" sizes=\"auto, (max-width: 300px) 100vw, 300px\" \/><\/a><\/p>\n<p>La programmation 2021\/2022 est comme d&rsquo;habitude tr\u00e8s \u00e9clectique: du Punk avec les fossoyeurs sceptiques, des reprises de Brassens avec Cl\u00e9ment, de la musique exp\u00e9rimentale avec le collectif Muzzix, du classic rock et rock alternatif avec White Moss, de la chanson avec seule tourbe et cousine machine&#8230;<\/p>\n<p>LE PROCHAIN CONCERT, le 30 Avril 2022<\/p>\n<p><a href=\"https:\/\/www.lelag.fr\/site\/agenda\/concert-far-from-atlas\/\">https:\/\/www.lelag.fr\/site\/agenda\/concert-far-from-atlas\/<\/a><\/p>\n<p>(cliquer sur le nom du groupe pour arriver sur la pr\u00e9sentation de la soir\u00e9e)<\/p>\n<p>&nbsp;<\/p>\n","protected":false},"excerpt":{"rendered":"<p>De nombreux concerts se sont d\u00e9j\u00e0 d\u00e9roul\u00e9s au LAG. Chaque moi, un concert diff\u00e9rent, un style diff\u00e9rent&#8230; Le principe, comme pour chaque \u00e9v\u00e9nement au LAG, est le prix libre. cette somme est revers\u00e9e au groupe pour ses frais. Si vous &hellip; <a href=\"https:\/\/www.lelag.fr\/site\/concerts\/\">Continuer la lecture <span class=\"meta-nav\">&rarr;<\/span><\/a><\/p>\n","protected":false},"author":1,"featured_media":0,"parent":0,"menu_order":75,"comment_status":"closed","ping_status":"open","template":"","meta":{"footnotes":""},"class_list":["post-131","page","type-page","status-publish","hentry"],"_links":{"self":[{"href":"https:\/\/www.lelag.fr\/site\/wp-json\/wp\/v2\/pages\/131","targetHints":{"allow":["GET"]}}],"collection":[{"href":"https:\/\/www.lelag.fr\/site\/wp-json\/wp\/v2\/pages"}],"about":[{"href":"https:\/\/www.lelag.fr\/site\/wp-json\/wp\/v2\/types\/page"}],"author":[{"embeddable":true,"href":"https:\/\/www.lelag.fr\/site\/wp-json\/wp\/v2\/users\/1"}],"replies":[{"embeddable":true,"href":"https:\/\/www.lelag.fr\/site\/wp-json\/wp\/v2\/comments?post=131"}],"version-history":[{"count":18,"href":"https:\/\/www.lelag.fr\/site\/wp-json\/wp\/v2\/pages\/131\/revisions"}],"predecessor-version":[{"id":3006,"href":"https:\/\/www.lelag.fr\/site\/wp-json\/wp\/v2\/pages\/131\/revisions\/3006"}],"wp:attachment":[{"href":"https:\/\/www.lelag.fr\/site\/wp-json\/wp\/v2\/media?parent=131"}],"curies":[{"name":"wp","href":"https:\/\/api.w.org\/{rel}","templated":true}]}}