{"id":128,"date":"2012-07-20T00:00:54","date_gmt":"2012-07-19T23:00:54","guid":{"rendered":"http:\/\/lag.bassinminier62.org\/site\/?page_id=128"},"modified":"2012-07-20T23:31:43","modified_gmt":"2012-07-20T22:31:43","slug":"velos","status":"publish","type":"page","link":"https:\/\/www.lelag.fr\/site\/nos-projets\/velos\/","title":{"rendered":"V\u00e9los"},"content":{"rendered":"<p>Le Lag compte quelques inconditionnels du v\u00e9lo, et il en faut, dans un bassin minier colonis\u00e9 par la voiture !<\/p>\n<p>On se souvient notamment de la premi\u00e8re <strong>V\u00e9lib\u00e9ration<\/strong> (c&rsquo;est l&rsquo;autre nom de la <strong>V\u00e9lorution<\/strong>) organis\u00e9e \u00e0 Lens par l&rsquo;ami Beno\u00eet, en avril 2012 (<a title=\"V\u00e9lib\u00e9ration \u00e0 Lens\" href=\"http:\/\/2012.objecteursdecroissance62.fr\/GaleriesPhotos\/20120414-VeliberationADAVLens\/\">voir le diaporama photos<\/a>).<\/p>\n<p>Et bien l&rsquo;id\u00e9e c&rsquo;est de continuer, et le LAG peut \u00eatre un point d&rsquo;appui pour mettre en place des ateliers v\u00e9los, et autres initiatives de promotion de ce sympathique moyen de transport.<\/p>\n","protected":false},"excerpt":{"rendered":"<p>Le Lag compte quelques inconditionnels du v\u00e9lo, et il en faut, dans un bassin minier colonis\u00e9 par la voiture ! On se souvient notamment de la premi\u00e8re V\u00e9lib\u00e9ration (c&rsquo;est l&rsquo;autre nom de la V\u00e9lorution) organis\u00e9e \u00e0 Lens par l&rsquo;ami Beno\u00eet, &hellip; <a href=\"https:\/\/www.lelag.fr\/site\/nos-projets\/velos\/\">Continuer la lecture <span class=\"meta-nav\">&rarr;<\/span><\/a><\/p>\n","protected":false},"author":1,"featured_media":0,"parent":112,"menu_order":40,"comment_status":"closed","ping_status":"open","template":"","meta":{"footnotes":""},"class_list":["post-128","page","type-page","status-publish","hentry"],"_links":{"self":[{"href":"https:\/\/www.lelag.fr\/site\/wp-json\/wp\/v2\/pages\/128","targetHints":{"allow":["GET"]}}],"collection":[{"href":"https:\/\/www.lelag.fr\/site\/wp-json\/wp\/v2\/pages"}],"about":[{"href":"https:\/\/www.lelag.fr\/site\/wp-json\/wp\/v2\/types\/page"}],"author":[{"embeddable":true,"href":"https:\/\/www.lelag.fr\/site\/wp-json\/wp\/v2\/users\/1"}],"replies":[{"embeddable":true,"href":"https:\/\/www.lelag.fr\/site\/wp-json\/wp\/v2\/comments?post=128"}],"version-history":[{"count":4,"href":"https:\/\/www.lelag.fr\/site\/wp-json\/wp\/v2\/pages\/128\/revisions"}],"predecessor-version":[{"id":147,"href":"https:\/\/www.lelag.fr\/site\/wp-json\/wp\/v2\/pages\/128\/revisions\/147"}],"up":[{"embeddable":true,"href":"https:\/\/www.lelag.fr\/site\/wp-json\/wp\/v2\/pages\/112"}],"wp:attachment":[{"href":"https:\/\/www.lelag.fr\/site\/wp-json\/wp\/v2\/media?parent=128"}],"curies":[{"name":"wp","href":"https:\/\/api.w.org\/{rel}","templated":true}]}}