{"id":125,"date":"2012-07-20T00:00:55","date_gmt":"2012-07-19T23:00:55","guid":{"rendered":"http:\/\/lag.bassinminier62.org\/site\/?page_id=125"},"modified":"2012-07-20T23:33:06","modified_gmt":"2012-07-20T22:33:06","slug":"miam-miam","status":"publish","type":"page","link":"https:\/\/www.lelag.fr\/site\/nos-projets\/miam-miam\/","title":{"rendered":"Miam-Miam !"},"content":{"rendered":"<p>C&rsquo;est un vieux projet du LAG : manger ensemble, les l\u00e9gumes que l&rsquo;on cultive, partager, apprendre&#8230;<\/p>\n<p>Dans l&rsquo;attente de l&rsquo;arriv\u00e9e du LAG, nous avons effectu\u00e9 quelques essais, qui nous ont confort\u00e9s dans cette id\u00e9e : <strong>mettre en place une cantine autog\u00e9r\u00e9e !<\/strong> On peut notamment <a title=\"Cantine autog\u00e9r\u00e9e\" href=\"http:\/\/www.politis62.org\/politis62\/galeries-photos\/20120428-TestCantineAutogeree\/\">consulter quelques photos sur Politis 62.<\/a><\/p>\n","protected":false},"excerpt":{"rendered":"<p>C&rsquo;est un vieux projet du LAG : manger ensemble, les l\u00e9gumes que l&rsquo;on cultive, partager, apprendre&#8230; Dans l&rsquo;attente de l&rsquo;arriv\u00e9e du LAG, nous avons effectu\u00e9 quelques essais, qui nous ont confort\u00e9s dans cette id\u00e9e : mettre en place une cantine &hellip; <a href=\"https:\/\/www.lelag.fr\/site\/nos-projets\/miam-miam\/\">Continuer la lecture <span class=\"meta-nav\">&rarr;<\/span><\/a><\/p>\n","protected":false},"author":1,"featured_media":0,"parent":112,"menu_order":30,"comment_status":"closed","ping_status":"open","template":"","meta":{"footnotes":""},"class_list":["post-125","page","type-page","status-publish","hentry"],"_links":{"self":[{"href":"https:\/\/www.lelag.fr\/site\/wp-json\/wp\/v2\/pages\/125","targetHints":{"allow":["GET"]}}],"collection":[{"href":"https:\/\/www.lelag.fr\/site\/wp-json\/wp\/v2\/pages"}],"about":[{"href":"https:\/\/www.lelag.fr\/site\/wp-json\/wp\/v2\/types\/page"}],"author":[{"embeddable":true,"href":"https:\/\/www.lelag.fr\/site\/wp-json\/wp\/v2\/users\/1"}],"replies":[{"embeddable":true,"href":"https:\/\/www.lelag.fr\/site\/wp-json\/wp\/v2\/comments?post=125"}],"version-history":[{"count":4,"href":"https:\/\/www.lelag.fr\/site\/wp-json\/wp\/v2\/pages\/125\/revisions"}],"predecessor-version":[{"id":149,"href":"https:\/\/www.lelag.fr\/site\/wp-json\/wp\/v2\/pages\/125\/revisions\/149"}],"up":[{"embeddable":true,"href":"https:\/\/www.lelag.fr\/site\/wp-json\/wp\/v2\/pages\/112"}],"wp:attachment":[{"href":"https:\/\/www.lelag.fr\/site\/wp-json\/wp\/v2\/media?parent=125"}],"curies":[{"name":"wp","href":"https:\/\/api.w.org\/{rel}","templated":true}]}}