{"id":114,"date":"2012-07-20T00:00:35","date_gmt":"2012-07-19T23:00:35","guid":{"rendered":"http:\/\/lag.bassinminier62.org\/site\/?page_id=114"},"modified":"2016-03-06T12:46:14","modified_gmt":"2016-03-06T11:46:14","slug":"livres-et-journaux","status":"publish","type":"page","link":"https:\/\/www.lelag.fr\/site\/nos-projets\/livres-et-journaux\/","title":{"rendered":"Livres et journaux"},"content":{"rendered":"<p><strong>La biblioth\u00e8que sociale et la table de presse ouvrent au moment des permanences du LAG.<\/strong><strong><br \/>\n<\/strong><\/p>\n<p><strong>Chaque soir\u00e9e de permanence est ouverte, autour du bar : \u00e9changes, d\u00e9tente, magasin gratuit, livres, DVDs\u2026.<\/strong><\/p>\n<p>&nbsp;<\/p>\n<div id=\"attachment_541\" style=\"width: 310px\" class=\"wp-caption aligncenter\"><a href=\"http:\/\/lag.bassinminier62.org\/site\/wp-content\/uploads\/2012\/07\/20121020-InaugurationLAG-044.jpg\"><img loading=\"lazy\" decoding=\"async\" aria-describedby=\"caption-attachment-541\" class=\"size-medium wp-image-541\" title=\"20121020-InaugurationLAG-044\" src=\"http:\/\/lag.bassinminier62.org\/site\/wp-content\/uploads\/2012\/07\/20121020-InaugurationLAG-044-300x225.jpg\" alt=\"La presse au LAG\" width=\"300\" height=\"225\" srcset=\"https:\/\/www.lelag.fr\/site\/wp-content\/uploads\/2012\/07\/20121020-InaugurationLAG-044-300x225.jpg 300w, https:\/\/www.lelag.fr\/site\/wp-content\/uploads\/2012\/07\/20121020-InaugurationLAG-044.jpg 640w\" sizes=\"auto, (max-width: 300px) 100vw, 300px\" \/><\/a><p id=\"caption-attachment-541\" class=\"wp-caption-text\">La presse au LAG<\/p><\/div>\n<p>Le LAG propose :<\/p>\n<ul>\n<ul>\n<li>Une biblioth\u00e8que sociale, comprenant de nombreux livres et revues, en pr\u00eat.<\/li>\n<li>Des journaux, hebdomadaires ou mensuels, en vente :\n<ul>\n<li><a title=\"La Brique\" href=\"http:\/\/labrique.net\/\">La brique<\/a><\/li>\n<li><a href=\"http:\/\/www.lan02.org\/\">L&rsquo;An 02<\/a><\/li>\n<li><a title=\"Fakir\" href=\"http:\/\/fakirpresse.info\">Fakir<\/a><\/li>\n<li><a title=\"Le monde libertaire\" href=\"http:\/\/\/www.monde-libertaire.fr\/\">Le monde libertaire<\/a><\/li>\n<li><a title=\"Alternative libertaire\" href=\"http:\/\/alternativelibertaire.org\/\">Alternative libertaire<\/a><\/li>\n<li><a title=\"S!lence\" href=\"http:\/\/www.revuesilence.net\/\">S!lence<\/a><\/li>\n<li><a href=\"http:\/\/hors-sol.herbesfolles.org\/\">Hors-sol<\/a><\/li>\n<li>&#8230;.<\/li>\n<li><\/li>\n<\/ul>\n<\/li>\n<\/ul>\n<\/ul>\n<p><a href=\"http:\/\/lag.bassinminier62.org\/site\/wp-content\/uploads\/2012\/07\/201210-Fakir.gif\"><img loading=\"lazy\" decoding=\"async\" class=\"alignnone size-full wp-image-451\" title=\"201210-Fakir\" src=\"http:\/\/lag.bassinminier62.org\/site\/wp-content\/uploads\/2012\/07\/201210-Fakir.gif\" alt=\"\" width=\"105\" height=\"154\" \/><\/a> <a href=\"http:\/\/lag.bassinminier62.org\/site\/wp-content\/uploads\/2012\/07\/201210-Silence.jpg\"><img loading=\"lazy\" decoding=\"async\" class=\"alignnone size-full wp-image-452\" title=\"201210-Silence\" src=\"http:\/\/lag.bassinminier62.org\/site\/wp-content\/uploads\/2012\/07\/201210-Silence.jpg\" alt=\"\" width=\"125\" height=\"177\" \/><\/a> <a href=\"http:\/\/lag.bassinminier62.org\/site\/wp-content\/uploads\/2012\/07\/20120927-MondeLibertaire.jpg\"><img loading=\"lazy\" decoding=\"async\" class=\"alignnone size-medium wp-image-453\" title=\"20120927-MondeLibertaire\" src=\"http:\/\/lag.bassinminier62.org\/site\/wp-content\/uploads\/2012\/07\/20120927-MondeLibertaire-215x300.jpg\" alt=\"\" width=\"215\" height=\"300\" srcset=\"https:\/\/www.lelag.fr\/site\/wp-content\/uploads\/2012\/07\/20120927-MondeLibertaire-215x300.jpg 215w, https:\/\/www.lelag.fr\/site\/wp-content\/uploads\/2012\/07\/20120927-MondeLibertaire-736x1024.jpg 736w, https:\/\/www.lelag.fr\/site\/wp-content\/uploads\/2012\/07\/20120927-MondeLibertaire.jpg 905w\" sizes=\"auto, (max-width: 215px) 100vw, 215px\" \/><\/a><\/p>\n<p>&nbsp;<\/p>\n<div id=\"attachment_815\" style=\"width: 220px\" class=\"wp-caption alignnone\"><a href=\"http:\/\/lag.bassinminier62.org\/site\/wp-content\/uploads\/2012\/07\/LaBrique.jpg\"><img loading=\"lazy\" decoding=\"async\" aria-describedby=\"caption-attachment-815\" class=\"size-medium wp-image-815\" title=\"La Brique\" src=\"http:\/\/lag.bassinminier62.org\/site\/wp-content\/uploads\/2012\/07\/LaBrique-210x300.jpg\" alt=\"\" width=\"210\" height=\"300\" srcset=\"https:\/\/www.lelag.fr\/site\/wp-content\/uploads\/2012\/07\/LaBrique-210x300.jpg 210w, https:\/\/www.lelag.fr\/site\/wp-content\/uploads\/2012\/07\/LaBrique.jpg 638w\" sizes=\"auto, (max-width: 210px) 100vw, 210px\" \/><\/a><p id=\"caption-attachment-815\" class=\"wp-caption-text\">La Brique<\/p><\/div>\n<div id=\"attachment_2956\" style=\"width: 239px\" class=\"wp-caption aligncenter\"><a href=\"http:\/\/www.lelag.fr\/site\/wp-content\/uploads\/2012\/07\/lan02.png\"><img loading=\"lazy\" decoding=\"async\" aria-describedby=\"caption-attachment-2956\" class=\"size-medium wp-image-2956\" src=\"http:\/\/www.lelag.fr\/site\/wp-content\/uploads\/2012\/07\/lan02-229x300.png\" alt=\"L'An 02\" width=\"229\" height=\"300\" srcset=\"https:\/\/www.lelag.fr\/site\/wp-content\/uploads\/2012\/07\/lan02-229x300.png 229w, https:\/\/www.lelag.fr\/site\/wp-content\/uploads\/2012\/07\/lan02.png 485w\" sizes=\"auto, (max-width: 229px) 100vw, 229px\" \/><\/a><p id=\"caption-attachment-2956\" class=\"wp-caption-text\">L&rsquo;An 02<\/p><\/div>\n<p><a href=\"http:\/\/lag.bassinminier62.org\/site\/wp-content\/uploads\/2012\/07\/AlternativeLibertaire.jpg\"><img loading=\"lazy\" decoding=\"async\" class=\"alignnone size-full wp-image-501\" title=\"Alternative Libertaire\" src=\"http:\/\/lag.bassinminier62.org\/site\/wp-content\/uploads\/2012\/07\/AlternativeLibertaire.jpg\" alt=\"Alternative Libertaire\" width=\"137\" height=\"190\" \/><\/a><\/p>\n<div id=\"attachment_2958\" style=\"width: 235px\" class=\"wp-caption aligncenter\"><a href=\"http:\/\/www.lelag.fr\/site\/wp-content\/uploads\/2012\/07\/HorsSol.jpg\"><img loading=\"lazy\" decoding=\"async\" aria-describedby=\"caption-attachment-2958\" class=\"size-medium wp-image-2958\" src=\"http:\/\/www.lelag.fr\/site\/wp-content\/uploads\/2012\/07\/HorsSol-225x300.jpg\" alt=\"Hors-sol\" width=\"225\" height=\"300\" srcset=\"https:\/\/www.lelag.fr\/site\/wp-content\/uploads\/2012\/07\/HorsSol-225x300.jpg 225w, https:\/\/www.lelag.fr\/site\/wp-content\/uploads\/2012\/07\/HorsSol-768x1024.jpg 768w\" sizes=\"auto, (max-width: 225px) 100vw, 225px\" \/><\/a><p id=\"caption-attachment-2958\" class=\"wp-caption-text\">Hors-sol<\/p><\/div>\n","protected":false},"excerpt":{"rendered":"<p>La biblioth\u00e8que sociale et la table de presse ouvrent au moment des permanences du LAG. Chaque soir\u00e9e de permanence est ouverte, autour du bar : \u00e9changes, d\u00e9tente, magasin gratuit, livres, DVDs\u2026. &nbsp; Le LAG propose : Une biblioth\u00e8que sociale, comprenant &hellip; <a href=\"https:\/\/www.lelag.fr\/site\/nos-projets\/livres-et-journaux\/\">Continuer la lecture <span class=\"meta-nav\">&rarr;<\/span><\/a><\/p>\n","protected":false},"author":1,"featured_media":0,"parent":112,"menu_order":10,"comment_status":"closed","ping_status":"open","template":"","meta":{"footnotes":""},"class_list":["post-114","page","type-page","status-publish","hentry"],"_links":{"self":[{"href":"https:\/\/www.lelag.fr\/site\/wp-json\/wp\/v2\/pages\/114","targetHints":{"allow":["GET"]}}],"collection":[{"href":"https:\/\/www.lelag.fr\/site\/wp-json\/wp\/v2\/pages"}],"about":[{"href":"https:\/\/www.lelag.fr\/site\/wp-json\/wp\/v2\/types\/page"}],"author":[{"embeddable":true,"href":"https:\/\/www.lelag.fr\/site\/wp-json\/wp\/v2\/users\/1"}],"replies":[{"embeddable":true,"href":"https:\/\/www.lelag.fr\/site\/wp-json\/wp\/v2\/comments?post=114"}],"version-history":[{"count":27,"href":"https:\/\/www.lelag.fr\/site\/wp-json\/wp\/v2\/pages\/114\/revisions"}],"predecessor-version":[{"id":3327,"href":"https:\/\/www.lelag.fr\/site\/wp-json\/wp\/v2\/pages\/114\/revisions\/3327"}],"up":[{"embeddable":true,"href":"https:\/\/www.lelag.fr\/site\/wp-json\/wp\/v2\/pages\/112"}],"wp:attachment":[{"href":"https:\/\/www.lelag.fr\/site\/wp-json\/wp\/v2\/media?parent=114"}],"curies":[{"name":"wp","href":"https:\/\/api.w.org\/{rel}","templated":true}]}}